{"id":2676,"date":"2024-01-09T13:52:16","date_gmt":"2024-01-09T12:52:16","guid":{"rendered":"https:\/\/piwafood.se\/?page_id=2676"},"modified":"2024-04-11T08:34:26","modified_gmt":"2024-04-11T06:34:26","slug":"crispy","status":"publish","type":"page","link":"https:\/\/piwafood.se\/en\/varumarken\/crispy\/","title":{"rendered":"Crispy"},"content":{"rendered":"<div data-elementor-type=\"wp-page\" data-elementor-id=\"2676\" class=\"elementor elementor-2676\" data-elementor-post-type=\"page\">\n\t\t\t\t\t\t<section class=\"elementor-section elementor-top-section elementor-element elementor-element-2c560247 elementor-section-height-min-height elementor-section-boxed elementor-section-height-default elementor-section-items-middle\" data-id=\"2c560247\" data-element_type=\"section\" data-e-type=\"section\" data-settings=\"{&quot;background_background&quot;:&quot;classic&quot;}\">\n\t\t\t\t\t\t\t<div class=\"elementor-background-overlay\"><\/div>\n\t\t\t\t\t\t\t<div class=\"elementor-container elementor-column-gap-default\">\n\t\t\t\t\t<div class=\"elementor-column elementor-col-100 elementor-top-column elementor-element elementor-element-8cb723c\" data-id=\"8cb723c\" data-element_type=\"column\" data-e-type=\"column\">\n\t\t\t<div class=\"elementor-widget-wrap\">\n\t\t\t\t\t\t\t<\/div>\n\t\t<\/div>\n\t\t\t\t\t<\/div>\n\t\t<\/section>\n\t\t\t\t<section class=\"elementor-section elementor-top-section elementor-element elementor-element-29ccf12a elementor-section-boxed elementor-section-height-default elementor-section-height-default\" data-id=\"29ccf12a\" data-element_type=\"section\" data-e-type=\"section\" data-settings=\"{&quot;background_background&quot;:&quot;classic&quot;}\">\n\t\t\t\t\t\t<div class=\"elementor-container elementor-column-gap-default\">\n\t\t\t\t\t<div class=\"elementor-column elementor-col-100 elementor-top-column elementor-element elementor-element-5f1af380\" data-id=\"5f1af380\" data-element_type=\"column\" data-e-type=\"column\">\n\t\t\t<div class=\"elementor-widget-wrap elementor-element-populated\">\n\t\t\t\t\t\t<section class=\"elementor-section elementor-inner-section elementor-element elementor-element-15426ec5 elementor-section-boxed elementor-section-height-default elementor-section-height-default\" data-id=\"15426ec5\" data-element_type=\"section\" data-e-type=\"section\">\n\t\t\t\t\t\t<div class=\"elementor-container elementor-column-gap-default\">\n\t\t\t\t\t<div class=\"elementor-column elementor-col-100 elementor-inner-column elementor-element elementor-element-6116b1c2\" data-id=\"6116b1c2\" data-element_type=\"column\" data-e-type=\"column\">\n\t\t\t<div class=\"elementor-widget-wrap elementor-element-populated\">\n\t\t\t\t\t\t<div class=\"elementor-element elementor-element-2c6c0eca elementor-widget elementor-widget-image\" data-id=\"2c6c0eca\" data-element_type=\"widget\" data-e-type=\"widget\" data-widget_type=\"image.default\">\n\t\t\t\t<div class=\"elementor-widget-container\">\n\t\t\t\t\t\t\t\t\t\t\t\t\t\t\t<img loading=\"lazy\" decoding=\"async\" width=\"800\" height=\"800\" src=\"https:\/\/piwafood.se\/wp-content\/uploads\/2024\/01\/3-1024x1024.jpg\" class=\"attachment-large size-large wp-image-328\" alt=\"\" srcset=\"https:\/\/piwafood.se\/wp-content\/uploads\/2024\/01\/3-1024x1024.jpg 1024w, https:\/\/piwafood.se\/wp-content\/uploads\/2024\/01\/3-300x300.jpg 300w, https:\/\/piwafood.se\/wp-content\/uploads\/2024\/01\/3-100x100.jpg 100w, https:\/\/piwafood.se\/wp-content\/uploads\/2024\/01\/3-600x600.jpg 600w, https:\/\/piwafood.se\/wp-content\/uploads\/2024\/01\/3-150x150.jpg 150w, https:\/\/piwafood.se\/wp-content\/uploads\/2024\/01\/3-768x768.jpg 768w, https:\/\/piwafood.se\/wp-content\/uploads\/2024\/01\/3.jpg 1063w\" sizes=\"auto, (max-width: 800px) 100vw, 800px\" \/>\t\t\t\t\t\t\t\t\t\t\t\t\t\t\t<\/div>\n\t\t\t\t<\/div>\n\t\t\t\t\t<\/div>\n\t\t<\/div>\n\t\t\t\t\t<\/div>\n\t\t<\/section>\n\t\t\t\t<div class=\"elementor-element elementor-element-d2ef9b5 elementor-widget elementor-widget-spacer\" data-id=\"d2ef9b5\" data-element_type=\"widget\" data-e-type=\"widget\" data-widget_type=\"spacer.default\">\n\t\t\t\t<div class=\"elementor-widget-container\">\n\t\t\t\t\t\t\t<div class=\"elementor-spacer\">\n\t\t\t<div class=\"elementor-spacer-inner\"><\/div>\n\t\t<\/div>\n\t\t\t\t\t\t<\/div>\n\t\t\t\t<\/div>\n\t\t\t\t<section class=\"elementor-section elementor-inner-section elementor-element elementor-element-7f466ede elementor-section-boxed elementor-section-height-default elementor-section-height-default\" data-id=\"7f466ede\" data-element_type=\"section\" data-e-type=\"section\">\n\t\t\t\t\t\t<div class=\"elementor-container elementor-column-gap-default\">\n\t\t\t\t\t<div class=\"elementor-column elementor-col-100 elementor-inner-column elementor-element elementor-element-4c99f7d\" data-id=\"4c99f7d\" data-element_type=\"column\" data-e-type=\"column\">\n\t\t\t<div class=\"elementor-widget-wrap elementor-element-populated\">\n\t\t\t\t\t\t<div class=\"elementor-element elementor-element-605c3652 elementor-widget elementor-widget-heading\" data-id=\"605c3652\" data-element_type=\"widget\" data-e-type=\"widget\" data-widget_type=\"heading.default\">\n\t\t\t\t<div class=\"elementor-widget-container\">\n\t\t\t\t\t<h2 class=\"elementor-heading-title elementor-size-default\">About Crispy<\/h2>\t\t\t\t<\/div>\n\t\t\t\t<\/div>\n\t\t\t\t\t<\/div>\n\t\t<\/div>\n\t\t\t\t\t<\/div>\n\t\t<\/section>\n\t\t\t\t<section class=\"elementor-section elementor-inner-section elementor-element elementor-element-21ec8a64 elementor-section-boxed elementor-section-height-default elementor-section-height-default\" data-id=\"21ec8a64\" data-element_type=\"section\" data-e-type=\"section\">\n\t\t\t\t\t\t<div class=\"elementor-container elementor-column-gap-default\">\n\t\t\t\t\t<div class=\"elementor-column elementor-col-100 elementor-inner-column elementor-element elementor-element-41648ddf\" data-id=\"41648ddf\" data-element_type=\"column\" data-e-type=\"column\">\n\t\t\t<div class=\"elementor-widget-wrap elementor-element-populated\">\n\t\t\t\t\t\t<div class=\"elementor-element elementor-element-51f383e elementor-widget elementor-widget-text-editor\" data-id=\"51f383e\" data-element_type=\"widget\" data-e-type=\"widget\" data-widget_type=\"text-editor.default\">\n\t\t\t\t<div class=\"elementor-widget-container\">\n\t\t\t\t\t\t\t\t\t<p>Since its establishment in 1982, Ok Snacks has placed great emphasis on producing flavorful snacks of high quality, characterized by carefully selected and premium ingredients.<\/p>\n<p>One of their most significant products is pork rinds, which have become extremely popular in southern Sweden. These pork rinds come in two different varieties, with the classic \"old-fashioned pork rind\" being part of the range since the company's inception. Through continuous product development and responsiveness to market demands, Ok Snacks offers a wide range of snacks that are constantly updated with new flavors and variations.<\/p>\n<p>To ensure high quality and efficient production, Ok Snacks has invested in state-of-the-art equipment and the latest technology in automation and robotics. Their production facilities are equipped with advanced monitoring equipment to ensure a smooth and reliable manufacturing process.<\/p>\n<p>Today, Ok Snacks exports to over 20 countries worldwide. Their products are well-known and appreciated both nationally and internationally for their delicious taste and high quality. With a strong tradition of innovation and dedication to quality, Ok Snacks continues to be a reliable supplier of exquisite snacks to a global market.<\/p>\t\t\t\t\t\t\t\t<\/div>\n\t\t\t\t<\/div>\n\t\t\t\t\t<\/div>\n\t\t<\/div>\n\t\t\t\t\t<\/div>\n\t\t<\/section>\n\t\t\t\t<section class=\"elementor-section elementor-inner-section elementor-element elementor-element-64332ebc elementor-section-boxed elementor-section-height-default elementor-section-height-default\" data-id=\"64332ebc\" data-element_type=\"section\" data-e-type=\"section\">\n\t\t\t\t\t\t<div class=\"elementor-container elementor-column-gap-default\">\n\t\t\t\t\t<div class=\"elementor-column elementor-col-100 elementor-inner-column elementor-element elementor-element-45b6f55d\" data-id=\"45b6f55d\" data-element_type=\"column\" data-e-type=\"column\">\n\t\t\t<div class=\"elementor-widget-wrap elementor-element-populated\">\n\t\t\t\t\t\t<div class=\"elementor-element elementor-element-5985507f elementor-widget-divider--view-line elementor-widget elementor-widget-divider\" data-id=\"5985507f\" data-element_type=\"widget\" data-e-type=\"widget\" data-widget_type=\"divider.default\">\n\t\t\t\t<div class=\"elementor-widget-container\">\n\t\t\t\t\t\t\t<div class=\"elementor-divider\">\n\t\t\t<span class=\"elementor-divider-separator\">\n\t\t\t\t\t\t<\/span>\n\t\t<\/div>\n\t\t\t\t\t\t<\/div>\n\t\t\t\t<\/div>\n\t\t\t\t<div class=\"elementor-element elementor-element-337b994c elementor-widget elementor-widget-heading\" data-id=\"337b994c\" data-element_type=\"widget\" data-e-type=\"widget\" data-widget_type=\"heading.default\">\n\t\t\t\t<div class=\"elementor-widget-container\">\n\t\t\t\t\t<h2 class=\"elementor-heading-title elementor-size-default\">Gallery<\/h2>\t\t\t\t<\/div>\n\t\t\t\t<\/div>\n\t\t\t\t<div class=\"elementor-element elementor-element-232b8348 elementor-widget elementor-widget-gallery\" data-id=\"232b8348\" data-element_type=\"widget\" data-e-type=\"widget\" data-settings=\"{&quot;columns_mobile&quot;:3,&quot;aspect_ratio&quot;:&quot;1:1&quot;,&quot;lazyload&quot;:&quot;yes&quot;,&quot;gallery_layout&quot;:&quot;grid&quot;,&quot;columns&quot;:4,&quot;columns_tablet&quot;:2,&quot;gap&quot;:{&quot;unit&quot;:&quot;px&quot;,&quot;size&quot;:10,&quot;sizes&quot;:[]},&quot;gap_tablet&quot;:{&quot;unit&quot;:&quot;px&quot;,&quot;size&quot;:10,&quot;sizes&quot;:[]},&quot;gap_mobile&quot;:{&quot;unit&quot;:&quot;px&quot;,&quot;size&quot;:10,&quot;sizes&quot;:[]},&quot;link_to&quot;:&quot;file&quot;,&quot;overlay_background&quot;:&quot;yes&quot;,&quot;content_hover_animation&quot;:&quot;fade-in&quot;}\" data-widget_type=\"gallery.default\">\n\t\t\t\t<div class=\"elementor-widget-container\">\n\t\t\t\t\t\t\t<div class=\"elementor-gallery__container\">\n\t\t\t\t\t\t\t<a class=\"e-gallery-item elementor-gallery-item elementor-animated-content\" href=\"https:\/\/piwafood.se\/wp-content\/uploads\/2024\/01\/1-5.jpg\" data-elementor-open-lightbox=\"yes\" data-elementor-lightbox-slideshow=\"232b8348\" data-elementor-lightbox-title=\"1\" data-e-action-hash=\"#elementor-action%3Aaction%3Dlightbox%26settings%3DeyJpZCI6MzA0NCwidXJsIjoiaHR0cHM6XC9cL3Bpd2Fmb29kLnNlXC93cC1jb250ZW50XC91cGxvYWRzXC8yMDI0XC8wMVwvMS01LmpwZyIsInNsaWRlc2hvdyI6IjIzMmI4MzQ4In0%3D\">\n\t\t\t\t\t<div class=\"e-gallery-image elementor-gallery-item__image\" data-thumbnail=\"https:\/\/piwafood.se\/wp-content\/uploads\/2024\/01\/1-5-300x225.jpg\" data-width=\"300\" data-height=\"225\" aria-label=\"\" role=\"img\" ><\/div>\n\t\t\t\t\t\t\t\t\t\t\t<div class=\"elementor-gallery-item__overlay\"><\/div>\n\t\t\t\t\t\t\t\t\t\t\t\t\t\t<\/a>\n\t\t\t\t\t\t\t<a class=\"e-gallery-item elementor-gallery-item elementor-animated-content\" href=\"https:\/\/piwafood.se\/wp-content\/uploads\/2024\/01\/2-5.jpg\" data-elementor-open-lightbox=\"yes\" data-elementor-lightbox-slideshow=\"232b8348\" data-elementor-lightbox-title=\"2\" data-e-action-hash=\"#elementor-action%3Aaction%3Dlightbox%26settings%3DeyJpZCI6MzA0NSwidXJsIjoiaHR0cHM6XC9cL3Bpd2Fmb29kLnNlXC93cC1jb250ZW50XC91cGxvYWRzXC8yMDI0XC8wMVwvMi01LmpwZyIsInNsaWRlc2hvdyI6IjIzMmI4MzQ4In0%3D\">\n\t\t\t\t\t<div class=\"e-gallery-image elementor-gallery-item__image\" data-thumbnail=\"https:\/\/piwafood.se\/wp-content\/uploads\/2024\/01\/2-5-300x225.jpg\" data-width=\"300\" data-height=\"225\" aria-label=\"\" role=\"img\" ><\/div>\n\t\t\t\t\t\t\t\t\t\t\t<div class=\"elementor-gallery-item__overlay\"><\/div>\n\t\t\t\t\t\t\t\t\t\t\t\t\t\t<\/a>\n\t\t\t\t\t\t\t<a class=\"e-gallery-item elementor-gallery-item elementor-animated-content\" href=\"https:\/\/piwafood.se\/wp-content\/uploads\/2024\/01\/Mexi-Bites.jpg\" data-elementor-open-lightbox=\"yes\" data-elementor-lightbox-slideshow=\"232b8348\" data-elementor-lightbox-title=\"Mexi Bites\" data-e-action-hash=\"#elementor-action%3Aaction%3Dlightbox%26settings%3DeyJpZCI6MzA0NiwidXJsIjoiaHR0cHM6XC9cL3Bpd2Fmb29kLnNlXC93cC1jb250ZW50XC91cGxvYWRzXC8yMDI0XC8wMVwvTWV4aS1CaXRlcy5qcGciLCJzbGlkZXNob3ciOiIyMzJiODM0OCJ9\">\n\t\t\t\t\t<div class=\"e-gallery-image elementor-gallery-item__image\" data-thumbnail=\"https:\/\/piwafood.se\/wp-content\/uploads\/2024\/01\/Mexi-Bites-300x225.jpg\" data-width=\"300\" data-height=\"225\" aria-label=\"\" role=\"img\" ><\/div>\n\t\t\t\t\t\t\t\t\t\t\t<div class=\"elementor-gallery-item__overlay\"><\/div>\n\t\t\t\t\t\t\t\t\t\t\t\t\t\t<\/a>\n\t\t\t\t\t\t\t<a class=\"e-gallery-item elementor-gallery-item elementor-animated-content\" href=\"https:\/\/piwafood.se\/wp-content\/uploads\/2024\/01\/Opt-4.jpg\" data-elementor-open-lightbox=\"yes\" data-elementor-lightbox-slideshow=\"232b8348\" data-elementor-lightbox-title=\"Opt 4\" data-e-action-hash=\"#elementor-action%3Aaction%3Dlightbox%26settings%3DeyJpZCI6MzA0NywidXJsIjoiaHR0cHM6XC9cL3Bpd2Fmb29kLnNlXC93cC1jb250ZW50XC91cGxvYWRzXC8yMDI0XC8wMVwvT3B0LTQuanBnIiwic2xpZGVzaG93IjoiMjMyYjgzNDgifQ%3D%3D\">\n\t\t\t\t\t<div class=\"e-gallery-image elementor-gallery-item__image\" data-thumbnail=\"https:\/\/piwafood.se\/wp-content\/uploads\/2024\/01\/Opt-4-300x225.jpg\" data-width=\"300\" data-height=\"225\" aria-label=\"\" role=\"img\" ><\/div>\n\t\t\t\t\t\t\t\t\t\t\t<div class=\"elementor-gallery-item__overlay\"><\/div>\n\t\t\t\t\t\t\t\t\t\t\t\t\t\t<\/a>\n\t\t\t\t\t\t\t<a class=\"e-gallery-item elementor-gallery-item elementor-animated-content\" href=\"https:\/\/piwafood.se\/wp-content\/uploads\/2024\/01\/Opt-5.jpg\" data-elementor-open-lightbox=\"yes\" data-elementor-lightbox-slideshow=\"232b8348\" data-elementor-lightbox-title=\"Opt 5\" data-e-action-hash=\"#elementor-action%3Aaction%3Dlightbox%26settings%3DeyJpZCI6MzA0OCwidXJsIjoiaHR0cHM6XC9cL3Bpd2Fmb29kLnNlXC93cC1jb250ZW50XC91cGxvYWRzXC8yMDI0XC8wMVwvT3B0LTUuanBnIiwic2xpZGVzaG93IjoiMjMyYjgzNDgifQ%3D%3D\">\n\t\t\t\t\t<div class=\"e-gallery-image elementor-gallery-item__image\" data-thumbnail=\"https:\/\/piwafood.se\/wp-content\/uploads\/2024\/01\/Opt-5-300x218.jpg\" data-width=\"300\" data-height=\"218\" aria-label=\"\" role=\"img\" ><\/div>\n\t\t\t\t\t\t\t\t\t\t\t<div class=\"elementor-gallery-item__overlay\"><\/div>\n\t\t\t\t\t\t\t\t\t\t\t\t\t\t<\/a>\n\t\t\t\t\t<\/div>\n\t\t\t\t\t<\/div>\n\t\t\t\t<\/div>\n\t\t\t\t\t<\/div>\n\t\t<\/div>\n\t\t\t\t\t<\/div>\n\t\t<\/section>\n\t\t\t\t\t<\/div>\n\t\t<\/div>\n\t\t\t\t\t<\/div>\n\t\t<\/section>\n\t\t\t\t<\/div>","protected":false},"excerpt":{"rendered":"<p>Om Crispy Sedan starten 1982 har Ok Snacks lagt stor vikt vid att producera smakrika snacks av h\u00f6g kvalitet, k\u00e4nnetecknade av noggrant utvalda och f\u00f6rstklassiga r\u00e5varor. En av deras mest betydelsefulla produkter \u00e4r fl\u00e4sksv\u00e5lar, som har blivit oerh\u00f6rt popul\u00e4ra i s\u00f6dra Sverige. Dessa fl\u00e4sksv\u00e5lar finns i tv\u00e5 olika varianter, varav den klassiska &#8221;gammeldags fl\u00e4sksv\u00e5len&#8221; har [&hellip;]<\/p>\n","protected":false},"author":1,"featured_media":328,"parent":320,"menu_order":0,"comment_status":"closed","ping_status":"closed","template":"","meta":{"footnotes":""},"class_list":["post-2676","page","type-page","status-publish","has-post-thumbnail","hentry"],"yoast_head":"<!-- This site is optimized with the Yoast SEO plugin v27.5 - https:\/\/yoast.com\/product\/yoast-seo-wordpress\/ -->\n<title>V\u00e5ra Varum\u00e4rken \u00bb Crispy | Piwa Food<\/title>\n<meta name=\"description\" content=\"Smakrika och krispiga snacks s\u00e4ljs p\u00e5 svenska marknaden under varum\u00e4rket Crispy fr\u00e5n danska OK Snacks. Crispyfamiljen best\u00e5r av v\u00e5ra goda Baconsnacks samt krispiga fl\u00e4sksv\u00e5lar och knapriga potatissticks.\" \/>\n<meta name=\"robots\" content=\"index, follow, max-snippet:-1, max-image-preview:large, max-video-preview:-1\" \/>\n<link rel=\"canonical\" href=\"https:\/\/piwafood.se\/en\/varumarken\/crispy\/\" \/>\n<meta property=\"og:locale\" content=\"en_US\" \/>\n<meta property=\"og:type\" content=\"article\" \/>\n<meta property=\"og:title\" content=\"V\u00e5ra Varum\u00e4rken \u00bb Crispy | Piwa Food\" \/>\n<meta property=\"og:description\" content=\"Smakrika och krispiga snacks s\u00e4ljs p\u00e5 svenska marknaden under varum\u00e4rket Crispy fr\u00e5n danska OK Snacks. Crispyfamiljen best\u00e5r av v\u00e5ra goda Baconsnacks samt krispiga fl\u00e4sksv\u00e5lar och knapriga potatissticks.\" \/>\n<meta property=\"og:url\" content=\"https:\/\/piwafood.se\/en\/varumarken\/crispy\/\" \/>\n<meta property=\"og:site_name\" content=\"Piwa Food\" \/>\n<meta property=\"article:modified_time\" content=\"2024-04-11T06:34:26+00:00\" \/>\n<meta property=\"og:image\" content=\"https:\/\/piwafood.se\/wp-content\/uploads\/2024\/01\/3.jpg\" \/>\n\t<meta property=\"og:image:width\" content=\"1063\" \/>\n\t<meta property=\"og:image:height\" content=\"1063\" \/>\n\t<meta property=\"og:image:type\" content=\"image\/jpeg\" \/>\n<meta name=\"twitter:card\" content=\"summary_large_image\" \/>\n<meta name=\"twitter:label1\" content=\"Est. reading time\" \/>\n\t<meta name=\"twitter:data1\" content=\"2 minutes\" \/>\n<script type=\"application\/ld+json\" class=\"yoast-schema-graph\">{\"@context\":\"https:\\\/\\\/schema.org\",\"@graph\":[{\"@type\":\"WebPage\",\"@id\":\"https:\\\/\\\/piwafood.se\\\/varumarken\\\/crispy\\\/\",\"url\":\"https:\\\/\\\/piwafood.se\\\/varumarken\\\/crispy\\\/\",\"name\":\"V\u00e5ra Varum\u00e4rken \u00bb Crispy | Piwa Food\",\"isPartOf\":{\"@id\":\"https:\\\/\\\/piwafood.se\\\/#website\"},\"primaryImageOfPage\":{\"@id\":\"https:\\\/\\\/piwafood.se\\\/varumarken\\\/crispy\\\/#primaryimage\"},\"image\":{\"@id\":\"https:\\\/\\\/piwafood.se\\\/varumarken\\\/crispy\\\/#primaryimage\"},\"thumbnailUrl\":\"https:\\\/\\\/piwafood.se\\\/wp-content\\\/uploads\\\/2024\\\/01\\\/3.jpg\",\"datePublished\":\"2024-01-09T12:52:16+00:00\",\"dateModified\":\"2024-04-11T06:34:26+00:00\",\"description\":\"Smakrika och krispiga snacks s\u00e4ljs p\u00e5 svenska marknaden under varum\u00e4rket Crispy fr\u00e5n danska OK Snacks. Crispyfamiljen best\u00e5r av v\u00e5ra goda Baconsnacks samt krispiga fl\u00e4sksv\u00e5lar och knapriga potatissticks.\",\"breadcrumb\":{\"@id\":\"https:\\\/\\\/piwafood.se\\\/varumarken\\\/crispy\\\/#breadcrumb\"},\"inLanguage\":\"en-US\",\"potentialAction\":[{\"@type\":\"ReadAction\",\"target\":[\"https:\\\/\\\/piwafood.se\\\/varumarken\\\/crispy\\\/\"]}]},{\"@type\":\"ImageObject\",\"inLanguage\":\"en-US\",\"@id\":\"https:\\\/\\\/piwafood.se\\\/varumarken\\\/crispy\\\/#primaryimage\",\"url\":\"https:\\\/\\\/piwafood.se\\\/wp-content\\\/uploads\\\/2024\\\/01\\\/3.jpg\",\"contentUrl\":\"https:\\\/\\\/piwafood.se\\\/wp-content\\\/uploads\\\/2024\\\/01\\\/3.jpg\",\"width\":1063,\"height\":1063},{\"@type\":\"BreadcrumbList\",\"@id\":\"https:\\\/\\\/piwafood.se\\\/varumarken\\\/crispy\\\/#breadcrumb\",\"itemListElement\":[{\"@type\":\"ListItem\",\"position\":1,\"name\":\"Hem\",\"item\":\"https:\\\/\\\/piwafood.se\\\/\"},{\"@type\":\"ListItem\",\"position\":2,\"name\":\"Varum\u00e4rken\",\"item\":\"https:\\\/\\\/piwafood.se\\\/varumarken\\\/\"},{\"@type\":\"ListItem\",\"position\":3,\"name\":\"Crispy\"}]},{\"@type\":\"WebSite\",\"@id\":\"https:\\\/\\\/piwafood.se\\\/#website\",\"url\":\"https:\\\/\\\/piwafood.se\\\/\",\"name\":\"Piwa Food\",\"description\":\"I 40 \u00e5r har vi levererat mat och dryck fr\u00e5n hela v\u00e4rlden till svenska middagsbord.\",\"publisher\":{\"@id\":\"https:\\\/\\\/piwafood.se\\\/#organization\"},\"alternateName\":\"Piwa\",\"potentialAction\":[{\"@type\":\"SearchAction\",\"target\":{\"@type\":\"EntryPoint\",\"urlTemplate\":\"https:\\\/\\\/piwafood.se\\\/?s={search_term_string}\"},\"query-input\":{\"@type\":\"PropertyValueSpecification\",\"valueRequired\":true,\"valueName\":\"search_term_string\"}}],\"inLanguage\":\"en-US\"},{\"@type\":\"Organization\",\"@id\":\"https:\\\/\\\/piwafood.se\\\/#organization\",\"name\":\"Piwa Food Aktiebolag\",\"alternateName\":\"Piwa Food\",\"url\":\"https:\\\/\\\/piwafood.se\\\/\",\"logo\":{\"@type\":\"ImageObject\",\"inLanguage\":\"en-US\",\"@id\":\"https:\\\/\\\/piwafood.se\\\/#\\\/schema\\\/logo\\\/image\\\/\",\"url\":\"https:\\\/\\\/piwafood.se\\\/wp-content\\\/uploads\\\/2024\\\/01\\\/Piwa-Square.jpg\",\"contentUrl\":\"https:\\\/\\\/piwafood.se\\\/wp-content\\\/uploads\\\/2024\\\/01\\\/Piwa-Square.jpg\",\"width\":500,\"height\":500,\"caption\":\"Piwa Food Aktiebolag\"},\"image\":{\"@id\":\"https:\\\/\\\/piwafood.se\\\/#\\\/schema\\\/logo\\\/image\\\/\"}}]}<\/script>\n<!-- \/ Yoast SEO plugin. -->","yoast_head_json":{"title":"V\u00e5ra Varum\u00e4rken \u00bb Crispy | Piwa Food","description":"Smakrika och krispiga snacks s\u00e4ljs p\u00e5 svenska marknaden under varum\u00e4rket Crispy fr\u00e5n danska OK Snacks. Crispyfamiljen best\u00e5r av v\u00e5ra goda Baconsnacks samt krispiga fl\u00e4sksv\u00e5lar och knapriga potatissticks.","robots":{"index":"index","follow":"follow","max-snippet":"max-snippet:-1","max-image-preview":"max-image-preview:large","max-video-preview":"max-video-preview:-1"},"canonical":"https:\/\/piwafood.se\/en\/varumarken\/crispy\/","og_locale":"en_US","og_type":"article","og_title":"V\u00e5ra Varum\u00e4rken \u00bb Crispy | Piwa Food","og_description":"Smakrika och krispiga snacks s\u00e4ljs p\u00e5 svenska marknaden under varum\u00e4rket Crispy fr\u00e5n danska OK Snacks. Crispyfamiljen best\u00e5r av v\u00e5ra goda Baconsnacks samt krispiga fl\u00e4sksv\u00e5lar och knapriga potatissticks.","og_url":"https:\/\/piwafood.se\/en\/varumarken\/crispy\/","og_site_name":"Piwa Food","article_modified_time":"2024-04-11T06:34:26+00:00","og_image":[{"width":1063,"height":1063,"url":"https:\/\/piwafood.se\/wp-content\/uploads\/2024\/01\/3.jpg","type":"image\/jpeg"}],"twitter_card":"summary_large_image","twitter_misc":{"Est. reading time":"2 minutes"},"schema":{"@context":"https:\/\/schema.org","@graph":[{"@type":"WebPage","@id":"https:\/\/piwafood.se\/varumarken\/crispy\/","url":"https:\/\/piwafood.se\/varumarken\/crispy\/","name":"V\u00e5ra Varum\u00e4rken \u00bb Crispy | Piwa Food","isPartOf":{"@id":"https:\/\/piwafood.se\/#website"},"primaryImageOfPage":{"@id":"https:\/\/piwafood.se\/varumarken\/crispy\/#primaryimage"},"image":{"@id":"https:\/\/piwafood.se\/varumarken\/crispy\/#primaryimage"},"thumbnailUrl":"https:\/\/piwafood.se\/wp-content\/uploads\/2024\/01\/3.jpg","datePublished":"2024-01-09T12:52:16+00:00","dateModified":"2024-04-11T06:34:26+00:00","description":"Smakrika och krispiga snacks s\u00e4ljs p\u00e5 svenska marknaden under varum\u00e4rket Crispy fr\u00e5n danska OK Snacks. Crispyfamiljen best\u00e5r av v\u00e5ra goda Baconsnacks samt krispiga fl\u00e4sksv\u00e5lar och knapriga potatissticks.","breadcrumb":{"@id":"https:\/\/piwafood.se\/varumarken\/crispy\/#breadcrumb"},"inLanguage":"en-US","potentialAction":[{"@type":"ReadAction","target":["https:\/\/piwafood.se\/varumarken\/crispy\/"]}]},{"@type":"ImageObject","inLanguage":"en-US","@id":"https:\/\/piwafood.se\/varumarken\/crispy\/#primaryimage","url":"https:\/\/piwafood.se\/wp-content\/uploads\/2024\/01\/3.jpg","contentUrl":"https:\/\/piwafood.se\/wp-content\/uploads\/2024\/01\/3.jpg","width":1063,"height":1063},{"@type":"BreadcrumbList","@id":"https:\/\/piwafood.se\/varumarken\/crispy\/#breadcrumb","itemListElement":[{"@type":"ListItem","position":1,"name":"Hem","item":"https:\/\/piwafood.se\/"},{"@type":"ListItem","position":2,"name":"Varum\u00e4rken","item":"https:\/\/piwafood.se\/varumarken\/"},{"@type":"ListItem","position":3,"name":"Crispy"}]},{"@type":"WebSite","@id":"https:\/\/piwafood.se\/#website","url":"https:\/\/piwafood.se\/","name":"Piwa Food","description":"For 40 years, we have delivered food and beverages from around the world to Swedish dinner tables.","publisher":{"@id":"https:\/\/piwafood.se\/#organization"},"alternateName":"Piwa","potentialAction":[{"@type":"SearchAction","target":{"@type":"EntryPoint","urlTemplate":"https:\/\/piwafood.se\/?s={search_term_string}"},"query-input":{"@type":"PropertyValueSpecification","valueRequired":true,"valueName":"search_term_string"}}],"inLanguage":"en-US"},{"@type":"Organization","@id":"https:\/\/piwafood.se\/#organization","name":"Piwa Food Aktiebolag","alternateName":"Piwa Food","url":"https:\/\/piwafood.se\/","logo":{"@type":"ImageObject","inLanguage":"en-US","@id":"https:\/\/piwafood.se\/#\/schema\/logo\/image\/","url":"https:\/\/piwafood.se\/wp-content\/uploads\/2024\/01\/Piwa-Square.jpg","contentUrl":"https:\/\/piwafood.se\/wp-content\/uploads\/2024\/01\/Piwa-Square.jpg","width":500,"height":500,"caption":"Piwa Food Aktiebolag"},"image":{"@id":"https:\/\/piwafood.se\/#\/schema\/logo\/image\/"}}]}},"_links":{"self":[{"href":"https:\/\/piwafood.se\/en\/wp-json\/wp\/v2\/pages\/2676","targetHints":{"allow":["GET"]}}],"collection":[{"href":"https:\/\/piwafood.se\/en\/wp-json\/wp\/v2\/pages"}],"about":[{"href":"https:\/\/piwafood.se\/en\/wp-json\/wp\/v2\/types\/page"}],"author":[{"embeddable":true,"href":"https:\/\/piwafood.se\/en\/wp-json\/wp\/v2\/users\/1"}],"replies":[{"embeddable":true,"href":"https:\/\/piwafood.se\/en\/wp-json\/wp\/v2\/comments?post=2676"}],"version-history":[{"count":40,"href":"https:\/\/piwafood.se\/en\/wp-json\/wp\/v2\/pages\/2676\/revisions"}],"predecessor-version":[{"id":3838,"href":"https:\/\/piwafood.se\/en\/wp-json\/wp\/v2\/pages\/2676\/revisions\/3838"}],"up":[{"embeddable":true,"href":"https:\/\/piwafood.se\/en\/wp-json\/wp\/v2\/pages\/320"}],"wp:featuredmedia":[{"embeddable":true,"href":"https:\/\/piwafood.se\/en\/wp-json\/wp\/v2\/media\/328"}],"wp:attachment":[{"href":"https:\/\/piwafood.se\/en\/wp-json\/wp\/v2\/media?parent=2676"}],"curies":[{"name":"wp","href":"https:\/\/api.w.org\/{rel}","templated":true}]}}