{"id":2684,"date":"2024-01-09T13:54:13","date_gmt":"2024-01-09T12:54:13","guid":{"rendered":"https:\/\/piwafood.se\/?page_id=2684"},"modified":"2025-10-30T10:02:26","modified_gmt":"2025-10-30T09:02:26","slug":"buffe","status":"publish","type":"page","link":"https:\/\/piwafood.se\/en\/varumarken\/buffe\/","title":{"rendered":"Buff\u00e9"},"content":{"rendered":"<div data-elementor-type=\"wp-page\" data-elementor-id=\"2684\" class=\"elementor elementor-2684\" data-elementor-post-type=\"page\">\n\t\t\t\t\t\t<section class=\"elementor-section elementor-top-section elementor-element elementor-element-77234ce8 elementor-section-height-min-height elementor-section-boxed elementor-section-height-default elementor-section-items-middle\" data-id=\"77234ce8\" data-element_type=\"section\" data-e-type=\"section\" data-settings=\"{&quot;background_background&quot;:&quot;classic&quot;}\">\n\t\t\t\t\t\t\t<div class=\"elementor-background-overlay\"><\/div>\n\t\t\t\t\t\t\t<div class=\"elementor-container elementor-column-gap-default\">\n\t\t\t\t\t<div class=\"elementor-column elementor-col-100 elementor-top-column elementor-element elementor-element-dbac241\" data-id=\"dbac241\" data-element_type=\"column\" data-e-type=\"column\">\n\t\t\t<div class=\"elementor-widget-wrap\">\n\t\t\t\t\t\t\t<\/div>\n\t\t<\/div>\n\t\t\t\t\t<\/div>\n\t\t<\/section>\n\t\t\t\t<section class=\"elementor-section elementor-top-section elementor-element elementor-element-35985c40 elementor-section-boxed elementor-section-height-default elementor-section-height-default\" data-id=\"35985c40\" data-element_type=\"section\" data-e-type=\"section\" data-settings=\"{&quot;background_background&quot;:&quot;classic&quot;}\">\n\t\t\t\t\t\t<div class=\"elementor-container elementor-column-gap-default\">\n\t\t\t\t\t<div class=\"elementor-column elementor-col-100 elementor-top-column elementor-element elementor-element-8481a2\" data-id=\"8481a2\" data-element_type=\"column\" data-e-type=\"column\">\n\t\t\t<div class=\"elementor-widget-wrap elementor-element-populated\">\n\t\t\t\t\t\t<section class=\"elementor-section elementor-inner-section elementor-element elementor-element-15520d82 elementor-section-boxed elementor-section-height-default elementor-section-height-default\" data-id=\"15520d82\" data-element_type=\"section\" data-e-type=\"section\">\n\t\t\t\t\t\t<div class=\"elementor-container elementor-column-gap-default\">\n\t\t\t\t\t<div class=\"elementor-column elementor-col-100 elementor-inner-column elementor-element elementor-element-31862f7d\" data-id=\"31862f7d\" data-element_type=\"column\" data-e-type=\"column\">\n\t\t\t<div class=\"elementor-widget-wrap elementor-element-populated\">\n\t\t\t\t\t\t<div class=\"elementor-element elementor-element-34529bfb elementor-widget elementor-widget-image\" data-id=\"34529bfb\" data-element_type=\"widget\" data-e-type=\"widget\" data-widget_type=\"image.default\">\n\t\t\t\t<div class=\"elementor-widget-container\">\n\t\t\t\t\t\t\t\t\t\t\t\t\t\t\t<img loading=\"lazy\" decoding=\"async\" width=\"500\" height=\"500\" src=\"https:\/\/piwafood.se\/wp-content\/uploads\/2025\/10\/Buffe_identitet_Logo_Rod.jpg\" class=\"attachment-large size-large wp-image-4555\" alt=\"\" srcset=\"https:\/\/piwafood.se\/wp-content\/uploads\/2025\/10\/Buffe_identitet_Logo_Rod.jpg 500w, https:\/\/piwafood.se\/wp-content\/uploads\/2025\/10\/Buffe_identitet_Logo_Rod-300x300.jpg 300w, https:\/\/piwafood.se\/wp-content\/uploads\/2025\/10\/Buffe_identitet_Logo_Rod-150x150.jpg 150w, https:\/\/piwafood.se\/wp-content\/uploads\/2025\/10\/Buffe_identitet_Logo_Rod-12x12.jpg 12w, https:\/\/piwafood.se\/wp-content\/uploads\/2025\/10\/Buffe_identitet_Logo_Rod-100x100.jpg 100w\" sizes=\"auto, (max-width: 500px) 100vw, 500px\" \/>\t\t\t\t\t\t\t\t\t\t\t\t\t\t\t<\/div>\n\t\t\t\t<\/div>\n\t\t\t\t\t<\/div>\n\t\t<\/div>\n\t\t\t\t\t<\/div>\n\t\t<\/section>\n\t\t\t\t<div class=\"elementor-element elementor-element-df39387 elementor-widget elementor-widget-spacer\" data-id=\"df39387\" data-element_type=\"widget\" data-e-type=\"widget\" data-widget_type=\"spacer.default\">\n\t\t\t\t<div class=\"elementor-widget-container\">\n\t\t\t\t\t\t\t<div class=\"elementor-spacer\">\n\t\t\t<div class=\"elementor-spacer-inner\"><\/div>\n\t\t<\/div>\n\t\t\t\t\t\t<\/div>\n\t\t\t\t<\/div>\n\t\t\t\t<section class=\"elementor-section elementor-inner-section elementor-element elementor-element-1df24770 elementor-section-boxed elementor-section-height-default elementor-section-height-default\" data-id=\"1df24770\" data-element_type=\"section\" data-e-type=\"section\">\n\t\t\t\t\t\t<div class=\"elementor-container elementor-column-gap-default\">\n\t\t\t\t\t<div class=\"elementor-column elementor-col-100 elementor-inner-column elementor-element elementor-element-3b90e048\" data-id=\"3b90e048\" data-element_type=\"column\" data-e-type=\"column\">\n\t\t\t<div class=\"elementor-widget-wrap elementor-element-populated\">\n\t\t\t\t\t\t<div class=\"elementor-element elementor-element-31a2b7d7 elementor-widget elementor-widget-heading\" data-id=\"31a2b7d7\" data-element_type=\"widget\" data-e-type=\"widget\" data-widget_type=\"heading.default\">\n\t\t\t\t<div class=\"elementor-widget-container\">\n\t\t\t\t\t<h2 class=\"elementor-heading-title elementor-size-default\">About Buff\u00e9<\/h2>\t\t\t\t<\/div>\n\t\t\t\t<\/div>\n\t\t\t\t\t<\/div>\n\t\t<\/div>\n\t\t\t\t\t<\/div>\n\t\t<\/section>\n\t\t\t\t<section class=\"elementor-section elementor-inner-section elementor-element elementor-element-2ec8215d elementor-section-boxed elementor-section-height-default elementor-section-height-default\" data-id=\"2ec8215d\" data-element_type=\"section\" data-e-type=\"section\">\n\t\t\t\t\t\t<div class=\"elementor-container elementor-column-gap-default\">\n\t\t\t\t\t<div class=\"elementor-column elementor-col-100 elementor-inner-column elementor-element elementor-element-1debf74e\" data-id=\"1debf74e\" data-element_type=\"column\" data-e-type=\"column\">\n\t\t\t<div class=\"elementor-widget-wrap elementor-element-populated\">\n\t\t\t\t\t\t<div class=\"elementor-element elementor-element-45d8cca7 elementor-widget elementor-widget-text-editor\" data-id=\"45d8cca7\" data-element_type=\"widget\" data-e-type=\"widget\" data-widget_type=\"text-editor.default\">\n\t\t\t\t<div class=\"elementor-widget-container\">\n\t\t\t\t\t\t\t\t\t<p><span data-teams=\"true\">Buff\u00e9 \u2013 A Kitchen Companion Since 1984 <\/span><\/p>\n<p>Buff\u00e9 has been with us almost as long as Piwa Food itself \u2013 a brand that has grown side by side with our customers and become a natural part of Swedish dining tables. In connection with our 40th anniversary, we\u2019ve given Buff\u00e9 a fresh, updated design and a clearer focus for the future \u2013 built around products we truly believe in. We\u2019ve gathered our favorite items from selected suppliers to create a range that combines affordability, quality and reliability.<\/p>\n<p>Buff\u00e9 offers everyday food essentials \u2013 products you need daily and that should always taste great. Our ambition is to meet the needs of active consumers as well as the demands of retailers and wholesalers. With Buff\u00e9, we want to make everyday life a little easier, a little more enjoyable \u2013 and a lot tastier. These are food products you can rely on, for every occasion when simplicity should taste truly good.<\/p>\t\t\t\t\t\t\t\t<\/div>\n\t\t\t\t<\/div>\n\t\t\t\t\t<\/div>\n\t\t<\/div>\n\t\t\t\t\t<\/div>\n\t\t<\/section>\n\t\t\t\t<section class=\"elementor-section elementor-inner-section elementor-element elementor-element-6e96409f elementor-section-boxed elementor-section-height-default elementor-section-height-default\" data-id=\"6e96409f\" data-element_type=\"section\" data-e-type=\"section\">\n\t\t\t\t\t\t<div class=\"elementor-container elementor-column-gap-default\">\n\t\t\t\t\t<div class=\"elementor-column elementor-col-100 elementor-inner-column elementor-element elementor-element-24405160\" data-id=\"24405160\" data-element_type=\"column\" data-e-type=\"column\">\n\t\t\t<div class=\"elementor-widget-wrap elementor-element-populated\">\n\t\t\t\t\t\t<div class=\"elementor-element elementor-element-3c188fba elementor-widget-divider--view-line elementor-widget elementor-widget-divider\" data-id=\"3c188fba\" data-element_type=\"widget\" data-e-type=\"widget\" data-widget_type=\"divider.default\">\n\t\t\t\t<div class=\"elementor-widget-container\">\n\t\t\t\t\t\t\t<div class=\"elementor-divider\">\n\t\t\t<span class=\"elementor-divider-separator\">\n\t\t\t\t\t\t<\/span>\n\t\t<\/div>\n\t\t\t\t\t\t<\/div>\n\t\t\t\t<\/div>\n\t\t\t\t<div class=\"elementor-element elementor-element-2d8c857 elementor-widget elementor-widget-heading\" data-id=\"2d8c857\" data-element_type=\"widget\" data-e-type=\"widget\" data-widget_type=\"heading.default\">\n\t\t\t\t<div class=\"elementor-widget-container\">\n\t\t\t\t\t<h2 class=\"elementor-heading-title elementor-size-default\">Gallery<\/h2>\t\t\t\t<\/div>\n\t\t\t\t<\/div>\n\t\t\t\t<div class=\"elementor-element elementor-element-472abc04 elementor-widget elementor-widget-gallery\" data-id=\"472abc04\" data-element_type=\"widget\" data-e-type=\"widget\" data-settings=\"{&quot;columns_mobile&quot;:3,&quot;aspect_ratio&quot;:&quot;1:1&quot;,&quot;lazyload&quot;:&quot;yes&quot;,&quot;gallery_layout&quot;:&quot;grid&quot;,&quot;columns&quot;:4,&quot;columns_tablet&quot;:2,&quot;gap&quot;:{&quot;unit&quot;:&quot;px&quot;,&quot;size&quot;:10,&quot;sizes&quot;:[]},&quot;gap_tablet&quot;:{&quot;unit&quot;:&quot;px&quot;,&quot;size&quot;:10,&quot;sizes&quot;:[]},&quot;gap_mobile&quot;:{&quot;unit&quot;:&quot;px&quot;,&quot;size&quot;:10,&quot;sizes&quot;:[]},&quot;link_to&quot;:&quot;file&quot;,&quot;overlay_background&quot;:&quot;yes&quot;,&quot;content_hover_animation&quot;:&quot;fade-in&quot;}\" data-widget_type=\"gallery.default\">\n\t\t\t\t<div class=\"elementor-widget-container\">\n\t\t\t\t\t\t\t<div class=\"elementor-gallery__container\">\n\t\t\t\t\t\t\t<a class=\"e-gallery-item elementor-gallery-item elementor-animated-content\" href=\"https:\/\/piwafood.se\/wp-content\/uploads\/2025\/10\/Buffe_identitet_Logo_Rod.jpg\" data-elementor-open-lightbox=\"yes\" data-elementor-lightbox-slideshow=\"472abc04\" data-elementor-lightbox-title=\"Buffe_identitet_Logo_R\u00f6d\" data-e-action-hash=\"#elementor-action%3Aaction%3Dlightbox%26settings%3DeyJpZCI6NDU1NSwidXJsIjoiaHR0cHM6XC9cL3Bpd2Fmb29kLnNlXC93cC1jb250ZW50XC91cGxvYWRzXC8yMDI1XC8xMFwvQnVmZmVfaWRlbnRpdGV0X0xvZ29fUm9kLmpwZyIsInNsaWRlc2hvdyI6IjQ3MmFiYzA0In0%3D\">\n\t\t\t\t\t<div class=\"e-gallery-image elementor-gallery-item__image\" data-thumbnail=\"https:\/\/piwafood.se\/wp-content\/uploads\/2025\/10\/Buffe_identitet_Logo_Rod.jpg\" data-width=\"500\" data-height=\"500\" aria-label=\"\" role=\"img\" ><\/div>\n\t\t\t\t\t\t\t\t\t\t\t<div class=\"elementor-gallery-item__overlay\"><\/div>\n\t\t\t\t\t\t\t\t\t\t\t\t\t\t<\/a>\n\t\t\t\t\t\t\t<a class=\"e-gallery-item elementor-gallery-item elementor-animated-content\" href=\"https:\/\/piwafood.se\/wp-content\/uploads\/2025\/10\/Din-kompis-i-koket_web.jpg\" data-elementor-open-lightbox=\"yes\" data-elementor-lightbox-slideshow=\"472abc04\" data-elementor-lightbox-title=\"Din kompis i k\u00f6ket_web\" data-e-action-hash=\"#elementor-action%3Aaction%3Dlightbox%26settings%3DeyJpZCI6NDU2OCwidXJsIjoiaHR0cHM6XC9cL3Bpd2Fmb29kLnNlXC93cC1jb250ZW50XC91cGxvYWRzXC8yMDI1XC8xMFwvRGluLWtvbXBpcy1pLWtva2V0X3dlYi5qcGciLCJzbGlkZXNob3ciOiI0NzJhYmMwNCJ9\">\n\t\t\t\t\t<div class=\"e-gallery-image elementor-gallery-item__image\" data-thumbnail=\"https:\/\/piwafood.se\/wp-content\/uploads\/2025\/10\/Din-kompis-i-koket_web.jpg\" data-width=\"500\" data-height=\"500\" aria-label=\"\" role=\"img\" ><\/div>\n\t\t\t\t\t\t\t\t\t\t\t<div class=\"elementor-gallery-item__overlay\"><\/div>\n\t\t\t\t\t\t\t\t\t\t\t\t\t\t<\/a>\n\t\t\t\t\t\t\t<a class=\"e-gallery-item elementor-gallery-item elementor-animated-content\" href=\"https:\/\/piwafood.se\/wp-content\/uploads\/2025\/10\/Gaffel_web.jpg\" data-elementor-open-lightbox=\"yes\" data-elementor-lightbox-slideshow=\"472abc04\" data-elementor-lightbox-title=\"Gaffel_web\" data-e-action-hash=\"#elementor-action%3Aaction%3Dlightbox%26settings%3DeyJpZCI6NDU3MiwidXJsIjoiaHR0cHM6XC9cL3Bpd2Fmb29kLnNlXC93cC1jb250ZW50XC91cGxvYWRzXC8yMDI1XC8xMFwvR2FmZmVsX3dlYi5qcGciLCJzbGlkZXNob3ciOiI0NzJhYmMwNCJ9\">\n\t\t\t\t\t<div class=\"e-gallery-image elementor-gallery-item__image\" data-thumbnail=\"https:\/\/piwafood.se\/wp-content\/uploads\/2025\/10\/Gaffel_web.jpg\" data-width=\"482\" data-height=\"482\" aria-label=\"\" role=\"img\" ><\/div>\n\t\t\t\t\t\t\t\t\t\t\t<div class=\"elementor-gallery-item__overlay\"><\/div>\n\t\t\t\t\t\t\t\t\t\t\t\t\t\t<\/a>\n\t\t\t\t\t\t\t<a class=\"e-gallery-item elementor-gallery-item elementor-animated-content\" href=\"https:\/\/piwafood.se\/wp-content\/uploads\/2025\/10\/Cloche_web.jpg\" data-elementor-open-lightbox=\"yes\" data-elementor-lightbox-slideshow=\"472abc04\" data-elementor-lightbox-title=\"Cloche_web\" data-e-action-hash=\"#elementor-action%3Aaction%3Dlightbox%26settings%3DeyJpZCI6NDU3NiwidXJsIjoiaHR0cHM6XC9cL3Bpd2Fmb29kLnNlXC93cC1jb250ZW50XC91cGxvYWRzXC8yMDI1XC8xMFwvQ2xvY2hlX3dlYi5qcGciLCJzbGlkZXNob3ciOiI0NzJhYmMwNCJ9\">\n\t\t\t\t\t<div class=\"e-gallery-image elementor-gallery-item__image\" data-thumbnail=\"https:\/\/piwafood.se\/wp-content\/uploads\/2025\/10\/Cloche_web.jpg\" data-width=\"500\" data-height=\"500\" aria-label=\"\" role=\"img\" ><\/div>\n\t\t\t\t\t\t\t\t\t\t\t<div class=\"elementor-gallery-item__overlay\"><\/div>\n\t\t\t\t\t\t\t\t\t\t\t\t\t\t<\/a>\n\t\t\t\t\t<\/div>\n\t\t\t\t\t<\/div>\n\t\t\t\t<\/div>\n\t\t\t\t\t<\/div>\n\t\t<\/div>\n\t\t\t\t\t<\/div>\n\t\t<\/section>\n\t\t\t\t\t<\/div>\n\t\t<\/div>\n\t\t\t\t\t<\/div>\n\t\t<\/section>\n\t\t\t\t<\/div>","protected":false},"excerpt":{"rendered":"<p>Om Buff\u00e9 Buff\u00e9 \u2013 En kompis i k\u00f6ket sedan 1984 Buff\u00e9 har funnits med oss n\u00e4stan lika l\u00e4nge som Piwa Food sj\u00e4lv, ett varum\u00e4rke som vuxit sida vid sida med v\u00e5ra kunder och blivit en naturlig del av de svenska middagsborden. I samband med v\u00e5rt 40-\u00e5rsjubileum har vi gett Buff\u00e9 en ny, uppdaterad design och [&hellip;]<\/p>\n","protected":false},"author":1,"featured_media":4555,"parent":320,"menu_order":0,"comment_status":"closed","ping_status":"closed","template":"","meta":{"footnotes":""},"class_list":["post-2684","page","type-page","status-publish","has-post-thumbnail","hentry"],"yoast_head":"<!-- This site is optimized with the Yoast SEO plugin v27.5 - https:\/\/yoast.com\/product\/yoast-seo-wordpress\/ -->\n<title>V\u00e5ra Varum\u00e4rken \u00bb Buff\u00e9 | Piwa Food<\/title>\n<meta name=\"description\" content=\"Buff\u00e9 har funnits med oss n\u00e4stan lika l\u00e4nge som Piwa Food sj\u00e4lv, ett varum\u00e4rke som vuxit sida vid sida med v\u00e5ra kunder och blivit en naturlig del av de svenska middagsborden.\" \/>\n<meta name=\"robots\" content=\"index, follow, max-snippet:-1, max-image-preview:large, max-video-preview:-1\" \/>\n<link rel=\"canonical\" href=\"https:\/\/piwafood.se\/en\/varumarken\/buffe\/\" \/>\n<meta property=\"og:locale\" content=\"en_US\" \/>\n<meta property=\"og:type\" content=\"article\" \/>\n<meta property=\"og:title\" content=\"V\u00e5ra Varum\u00e4rken \u00bb Buff\u00e9 | Piwa Food\" \/>\n<meta property=\"og:description\" content=\"Buff\u00e9 har funnits med oss n\u00e4stan lika l\u00e4nge som Piwa Food sj\u00e4lv, ett varum\u00e4rke som vuxit sida vid sida med v\u00e5ra kunder och blivit en naturlig del av de svenska middagsborden.\" \/>\n<meta property=\"og:url\" content=\"https:\/\/piwafood.se\/en\/varumarken\/buffe\/\" \/>\n<meta property=\"og:site_name\" content=\"Piwa Food\" \/>\n<meta property=\"article:modified_time\" content=\"2025-10-30T09:02:26+00:00\" \/>\n<meta property=\"og:image\" content=\"https:\/\/piwafood.se\/wp-content\/uploads\/2025\/10\/Buffe_identitet_Logo_Rod.jpg\" \/>\n\t<meta property=\"og:image:width\" content=\"500\" \/>\n\t<meta property=\"og:image:height\" content=\"500\" \/>\n\t<meta property=\"og:image:type\" content=\"image\/jpeg\" \/>\n<meta name=\"twitter:card\" content=\"summary_large_image\" \/>\n<meta name=\"twitter:label1\" content=\"Est. reading time\" \/>\n\t<meta name=\"twitter:data1\" content=\"2 minutes\" \/>\n<script type=\"application\/ld+json\" class=\"yoast-schema-graph\">{\"@context\":\"https:\\\/\\\/schema.org\",\"@graph\":[{\"@type\":\"WebPage\",\"@id\":\"https:\\\/\\\/piwafood.se\\\/varumarken\\\/buffe\\\/\",\"url\":\"https:\\\/\\\/piwafood.se\\\/varumarken\\\/buffe\\\/\",\"name\":\"V\u00e5ra Varum\u00e4rken \u00bb Buff\u00e9 | Piwa Food\",\"isPartOf\":{\"@id\":\"https:\\\/\\\/piwafood.se\\\/#website\"},\"primaryImageOfPage\":{\"@id\":\"https:\\\/\\\/piwafood.se\\\/varumarken\\\/buffe\\\/#primaryimage\"},\"image\":{\"@id\":\"https:\\\/\\\/piwafood.se\\\/varumarken\\\/buffe\\\/#primaryimage\"},\"thumbnailUrl\":\"https:\\\/\\\/piwafood.se\\\/wp-content\\\/uploads\\\/2025\\\/10\\\/Buffe_identitet_Logo_Rod.jpg\",\"datePublished\":\"2024-01-09T12:54:13+00:00\",\"dateModified\":\"2025-10-30T09:02:26+00:00\",\"description\":\"Buff\u00e9 har funnits med oss n\u00e4stan lika l\u00e4nge som Piwa Food sj\u00e4lv, ett varum\u00e4rke som vuxit sida vid sida med v\u00e5ra kunder och blivit en naturlig del av de svenska middagsborden.\",\"breadcrumb\":{\"@id\":\"https:\\\/\\\/piwafood.se\\\/varumarken\\\/buffe\\\/#breadcrumb\"},\"inLanguage\":\"en-US\",\"potentialAction\":[{\"@type\":\"ReadAction\",\"target\":[\"https:\\\/\\\/piwafood.se\\\/varumarken\\\/buffe\\\/\"]}]},{\"@type\":\"ImageObject\",\"inLanguage\":\"en-US\",\"@id\":\"https:\\\/\\\/piwafood.se\\\/varumarken\\\/buffe\\\/#primaryimage\",\"url\":\"https:\\\/\\\/piwafood.se\\\/wp-content\\\/uploads\\\/2025\\\/10\\\/Buffe_identitet_Logo_Rod.jpg\",\"contentUrl\":\"https:\\\/\\\/piwafood.se\\\/wp-content\\\/uploads\\\/2025\\\/10\\\/Buffe_identitet_Logo_Rod.jpg\",\"width\":500,\"height\":500},{\"@type\":\"BreadcrumbList\",\"@id\":\"https:\\\/\\\/piwafood.se\\\/varumarken\\\/buffe\\\/#breadcrumb\",\"itemListElement\":[{\"@type\":\"ListItem\",\"position\":1,\"name\":\"Hem\",\"item\":\"https:\\\/\\\/piwafood.se\\\/\"},{\"@type\":\"ListItem\",\"position\":2,\"name\":\"Varum\u00e4rken\",\"item\":\"https:\\\/\\\/piwafood.se\\\/varumarken\\\/\"},{\"@type\":\"ListItem\",\"position\":3,\"name\":\"Buff\u00e9\"}]},{\"@type\":\"WebSite\",\"@id\":\"https:\\\/\\\/piwafood.se\\\/#website\",\"url\":\"https:\\\/\\\/piwafood.se\\\/\",\"name\":\"Piwa Food\",\"description\":\"I 40 \u00e5r har vi levererat mat och dryck fr\u00e5n hela v\u00e4rlden till svenska middagsbord.\",\"publisher\":{\"@id\":\"https:\\\/\\\/piwafood.se\\\/#organization\"},\"alternateName\":\"Piwa\",\"potentialAction\":[{\"@type\":\"SearchAction\",\"target\":{\"@type\":\"EntryPoint\",\"urlTemplate\":\"https:\\\/\\\/piwafood.se\\\/?s={search_term_string}\"},\"query-input\":{\"@type\":\"PropertyValueSpecification\",\"valueRequired\":true,\"valueName\":\"search_term_string\"}}],\"inLanguage\":\"en-US\"},{\"@type\":\"Organization\",\"@id\":\"https:\\\/\\\/piwafood.se\\\/#organization\",\"name\":\"Piwa Food Aktiebolag\",\"alternateName\":\"Piwa Food\",\"url\":\"https:\\\/\\\/piwafood.se\\\/\",\"logo\":{\"@type\":\"ImageObject\",\"inLanguage\":\"en-US\",\"@id\":\"https:\\\/\\\/piwafood.se\\\/#\\\/schema\\\/logo\\\/image\\\/\",\"url\":\"https:\\\/\\\/piwafood.se\\\/wp-content\\\/uploads\\\/2024\\\/01\\\/Piwa-Square.jpg\",\"contentUrl\":\"https:\\\/\\\/piwafood.se\\\/wp-content\\\/uploads\\\/2024\\\/01\\\/Piwa-Square.jpg\",\"width\":500,\"height\":500,\"caption\":\"Piwa Food Aktiebolag\"},\"image\":{\"@id\":\"https:\\\/\\\/piwafood.se\\\/#\\\/schema\\\/logo\\\/image\\\/\"}}]}<\/script>\n<!-- \/ Yoast SEO plugin. -->","yoast_head_json":{"title":"V\u00e5ra Varum\u00e4rken \u00bb Buff\u00e9 | Piwa Food","description":"Buff\u00e9 har funnits med oss n\u00e4stan lika l\u00e4nge som Piwa Food sj\u00e4lv, ett varum\u00e4rke som vuxit sida vid sida med v\u00e5ra kunder och blivit en naturlig del av de svenska middagsborden.","robots":{"index":"index","follow":"follow","max-snippet":"max-snippet:-1","max-image-preview":"max-image-preview:large","max-video-preview":"max-video-preview:-1"},"canonical":"https:\/\/piwafood.se\/en\/varumarken\/buffe\/","og_locale":"en_US","og_type":"article","og_title":"V\u00e5ra Varum\u00e4rken \u00bb Buff\u00e9 | Piwa Food","og_description":"Buff\u00e9 har funnits med oss n\u00e4stan lika l\u00e4nge som Piwa Food sj\u00e4lv, ett varum\u00e4rke som vuxit sida vid sida med v\u00e5ra kunder och blivit en naturlig del av de svenska middagsborden.","og_url":"https:\/\/piwafood.se\/en\/varumarken\/buffe\/","og_site_name":"Piwa Food","article_modified_time":"2025-10-30T09:02:26+00:00","og_image":[{"width":500,"height":500,"url":"https:\/\/piwafood.se\/wp-content\/uploads\/2025\/10\/Buffe_identitet_Logo_Rod.jpg","type":"image\/jpeg"}],"twitter_card":"summary_large_image","twitter_misc":{"Est. reading time":"2 minutes"},"schema":{"@context":"https:\/\/schema.org","@graph":[{"@type":"WebPage","@id":"https:\/\/piwafood.se\/varumarken\/buffe\/","url":"https:\/\/piwafood.se\/varumarken\/buffe\/","name":"V\u00e5ra Varum\u00e4rken \u00bb Buff\u00e9 | Piwa Food","isPartOf":{"@id":"https:\/\/piwafood.se\/#website"},"primaryImageOfPage":{"@id":"https:\/\/piwafood.se\/varumarken\/buffe\/#primaryimage"},"image":{"@id":"https:\/\/piwafood.se\/varumarken\/buffe\/#primaryimage"},"thumbnailUrl":"https:\/\/piwafood.se\/wp-content\/uploads\/2025\/10\/Buffe_identitet_Logo_Rod.jpg","datePublished":"2024-01-09T12:54:13+00:00","dateModified":"2025-10-30T09:02:26+00:00","description":"Buff\u00e9 har funnits med oss n\u00e4stan lika l\u00e4nge som Piwa Food sj\u00e4lv, ett varum\u00e4rke som vuxit sida vid sida med v\u00e5ra kunder och blivit en naturlig del av de svenska middagsborden.","breadcrumb":{"@id":"https:\/\/piwafood.se\/varumarken\/buffe\/#breadcrumb"},"inLanguage":"en-US","potentialAction":[{"@type":"ReadAction","target":["https:\/\/piwafood.se\/varumarken\/buffe\/"]}]},{"@type":"ImageObject","inLanguage":"en-US","@id":"https:\/\/piwafood.se\/varumarken\/buffe\/#primaryimage","url":"https:\/\/piwafood.se\/wp-content\/uploads\/2025\/10\/Buffe_identitet_Logo_Rod.jpg","contentUrl":"https:\/\/piwafood.se\/wp-content\/uploads\/2025\/10\/Buffe_identitet_Logo_Rod.jpg","width":500,"height":500},{"@type":"BreadcrumbList","@id":"https:\/\/piwafood.se\/varumarken\/buffe\/#breadcrumb","itemListElement":[{"@type":"ListItem","position":1,"name":"Hem","item":"https:\/\/piwafood.se\/"},{"@type":"ListItem","position":2,"name":"Varum\u00e4rken","item":"https:\/\/piwafood.se\/varumarken\/"},{"@type":"ListItem","position":3,"name":"Buff\u00e9"}]},{"@type":"WebSite","@id":"https:\/\/piwafood.se\/#website","url":"https:\/\/piwafood.se\/","name":"Piwa Food","description":"For 40 years, we have delivered food and beverages from around the world to Swedish dinner tables.","publisher":{"@id":"https:\/\/piwafood.se\/#organization"},"alternateName":"Piwa","potentialAction":[{"@type":"SearchAction","target":{"@type":"EntryPoint","urlTemplate":"https:\/\/piwafood.se\/?s={search_term_string}"},"query-input":{"@type":"PropertyValueSpecification","valueRequired":true,"valueName":"search_term_string"}}],"inLanguage":"en-US"},{"@type":"Organization","@id":"https:\/\/piwafood.se\/#organization","name":"Piwa Food Aktiebolag","alternateName":"Piwa Food","url":"https:\/\/piwafood.se\/","logo":{"@type":"ImageObject","inLanguage":"en-US","@id":"https:\/\/piwafood.se\/#\/schema\/logo\/image\/","url":"https:\/\/piwafood.se\/wp-content\/uploads\/2024\/01\/Piwa-Square.jpg","contentUrl":"https:\/\/piwafood.se\/wp-content\/uploads\/2024\/01\/Piwa-Square.jpg","width":500,"height":500,"caption":"Piwa Food Aktiebolag"},"image":{"@id":"https:\/\/piwafood.se\/#\/schema\/logo\/image\/"}}]}},"_links":{"self":[{"href":"https:\/\/piwafood.se\/en\/wp-json\/wp\/v2\/pages\/2684","targetHints":{"allow":["GET"]}}],"collection":[{"href":"https:\/\/piwafood.se\/en\/wp-json\/wp\/v2\/pages"}],"about":[{"href":"https:\/\/piwafood.se\/en\/wp-json\/wp\/v2\/types\/page"}],"author":[{"embeddable":true,"href":"https:\/\/piwafood.se\/en\/wp-json\/wp\/v2\/users\/1"}],"replies":[{"embeddable":true,"href":"https:\/\/piwafood.se\/en\/wp-json\/wp\/v2\/comments?post=2684"}],"version-history":[{"count":53,"href":"https:\/\/piwafood.se\/en\/wp-json\/wp\/v2\/pages\/2684\/revisions"}],"predecessor-version":[{"id":4590,"href":"https:\/\/piwafood.se\/en\/wp-json\/wp\/v2\/pages\/2684\/revisions\/4590"}],"up":[{"embeddable":true,"href":"https:\/\/piwafood.se\/en\/wp-json\/wp\/v2\/pages\/320"}],"wp:featuredmedia":[{"embeddable":true,"href":"https:\/\/piwafood.se\/en\/wp-json\/wp\/v2\/media\/4555"}],"wp:attachment":[{"href":"https:\/\/piwafood.se\/en\/wp-json\/wp\/v2\/media?parent=2684"}],"curies":[{"name":"wp","href":"https:\/\/api.w.org\/{rel}","templated":true}]}}