{"id":3277,"date":"2024-01-23T14:32:33","date_gmt":"2024-01-23T13:32:33","guid":{"rendered":"https:\/\/piwafood.se\/?page_id=3277"},"modified":"2024-01-23T14:39:56","modified_gmt":"2024-01-23T13:39:56","slug":"privacy-policy-2","status":"publish","type":"page","link":"https:\/\/piwafood.se\/en\/privacy-policy-2\/","title":{"rendered":"Privacy Policy"},"content":{"rendered":"<div data-elementor-type=\"wp-page\" data-elementor-id=\"3277\" class=\"elementor elementor-3277\" data-elementor-post-type=\"page\">\n\t\t\t\t\t\t<section class=\"elementor-section elementor-top-section elementor-element elementor-element-565d3bb6 elementor-section-height-min-height elementor-section-boxed elementor-section-height-default elementor-section-items-middle\" data-id=\"565d3bb6\" data-element_type=\"section\" data-e-type=\"section\" data-settings=\"{&quot;background_background&quot;:&quot;classic&quot;}\">\n\t\t\t\t\t\t\t<div class=\"elementor-background-overlay\"><\/div>\n\t\t\t\t\t\t\t<div class=\"elementor-container elementor-column-gap-default\">\n\t\t\t\t\t<div class=\"elementor-column elementor-col-100 elementor-top-column elementor-element elementor-element-2e1b4d26\" data-id=\"2e1b4d26\" data-element_type=\"column\" data-e-type=\"column\">\n\t\t\t<div class=\"elementor-widget-wrap\">\n\t\t\t\t\t\t\t<\/div>\n\t\t<\/div>\n\t\t\t\t\t<\/div>\n\t\t<\/section>\n\t\t\t\t<section class=\"elementor-section elementor-top-section elementor-element elementor-element-126d85cd elementor-section-boxed elementor-section-height-default elementor-section-height-default\" data-id=\"126d85cd\" data-element_type=\"section\" data-e-type=\"section\" data-settings=\"{&quot;background_background&quot;:&quot;classic&quot;}\">\n\t\t\t\t\t\t<div class=\"elementor-container elementor-column-gap-default\">\n\t\t\t\t\t<div class=\"elementor-column elementor-col-100 elementor-top-column elementor-element elementor-element-2e2fb891\" data-id=\"2e2fb891\" data-element_type=\"column\" data-e-type=\"column\">\n\t\t\t<div class=\"elementor-widget-wrap elementor-element-populated\">\n\t\t\t\t\t\t<div class=\"elementor-element elementor-element-ed1a1c2 elementor-widget elementor-widget-heading\" data-id=\"ed1a1c2\" data-element_type=\"widget\" data-e-type=\"widget\" data-widget_type=\"heading.default\">\n\t\t\t\t<div class=\"elementor-widget-container\">\n\t\t\t\t\t<h2 class=\"elementor-heading-title elementor-size-default\">Customer &amp; Personal Information<\/h2>\t\t\t\t<\/div>\n\t\t\t\t<\/div>\n\t\t\t\t<div class=\"elementor-element elementor-element-d16758a elementor-widget elementor-widget-text-editor\" data-id=\"d16758a\" data-element_type=\"widget\" data-e-type=\"widget\" data-widget_type=\"text-editor.default\">\n\t\t\t\t<div class=\"elementor-widget-container\">\n\t\t\t\t\t\t\t\t\t<p>To shop with us, you must provide information in all fields that are mandatory during customer registration. If we do not have your email address, we cannot send any order confirmation, and we cannot notify you of known delivery delays or if any part of your order cannot be delivered.<\/p><p><span style=\"font-size: 1rem;\">The personal information you provide to us is used for order management, invoicing, information, marketing, and other purposes aimed at ensuring that our service functions as smoothly as possible. The information is not passed on to any third party.<\/span><\/p><p><span style=\"font-size: 1rem;\">By registering and placing an order, you agree that we store and use your information in our business to fulfill the agreement with you. According to the Personal Data Act, you have the right to obtain the information we have registered about you. If it is incorrect, incomplete, or irrelevant, you can request that the information be corrected or deleted. Please contact us via email in that case.<\/span><\/p><p><span style=\"font-size: 1rem;\">The information we save is only for the purpose of the financial transaction and is retained for legal reasons and therefore cannot be deleted.<\/span><\/p>\t\t\t\t\t\t\t\t<\/div>\n\t\t\t\t<\/div>\n\t\t\t\t<div class=\"elementor-element elementor-element-83cc23c elementor-widget elementor-widget-heading\" data-id=\"83cc23c\" data-element_type=\"widget\" data-e-type=\"widget\" data-widget_type=\"heading.default\">\n\t\t\t\t<div class=\"elementor-widget-container\">\n\t\t\t\t\t<h2 class=\"elementor-heading-title elementor-size-default\">Privacy Policy<\/h2>\t\t\t\t<\/div>\n\t\t\t\t<\/div>\n\t\t\t\t<div class=\"elementor-element elementor-element-fa41dc0 elementor-widget elementor-widget-heading\" data-id=\"fa41dc0\" data-element_type=\"widget\" data-e-type=\"widget\" data-widget_type=\"heading.default\">\n\t\t\t\t<div class=\"elementor-widget-container\">\n\t\t\t\t\t<h2 class=\"elementor-heading-title elementor-size-default\">1. Collection of Information<\/h2>\t\t\t\t<\/div>\n\t\t\t\t<\/div>\n\t\t\t\t<div class=\"elementor-element elementor-element-70fc21b elementor-widget elementor-widget-text-editor\" data-id=\"70fc21b\" data-element_type=\"widget\" data-e-type=\"widget\" data-widget_type=\"text-editor.default\">\n\t\t\t\t<div class=\"elementor-widget-container\">\n\t\t\t\t\t\t\t\t\t<p>We collect information from you when you register on our website, log into your account, make a purchase, participate in a contest, and\/or when you log out. The collected information includes your name, email address, phone number, and\/or credit card.<\/p><p>Additionally, we automatically receive and store information from your computer and browser, including your IP address, software and hardware information, and the requested page.<\/p>\t\t\t\t\t\t\t\t<\/div>\n\t\t\t\t<\/div>\n\t\t\t\t<div class=\"elementor-element elementor-element-5c61bc8 elementor-widget elementor-widget-heading\" data-id=\"5c61bc8\" data-element_type=\"widget\" data-e-type=\"widget\" data-widget_type=\"heading.default\">\n\t\t\t\t<div class=\"elementor-widget-container\">\n\t\t\t\t\t<h2 class=\"elementor-heading-title elementor-size-default\">2. Use of Information<\/h2>\t\t\t\t<\/div>\n\t\t\t\t<\/div>\n\t\t\t\t<div class=\"elementor-element elementor-element-be07d75 elementor-widget elementor-widget-text-editor\" data-id=\"be07d75\" data-element_type=\"widget\" data-e-type=\"widget\" data-widget_type=\"text-editor.default\">\n\t\t\t\t<div class=\"elementor-widget-container\">\n\t\t\t\t\t\t\t\t\t<p>The information we collect from you may be used to:<\/p><ul><li>Personalize your experience and meet your personal needs<\/li><li>Improve our customer service and your need for assistance<\/li><li>Contact you via email<\/li><li>Administer offers or a survey<\/li><\/ul>\t\t\t\t\t\t\t\t<\/div>\n\t\t\t\t<\/div>\n\t\t\t\t<div class=\"elementor-element elementor-element-df582db elementor-widget elementor-widget-heading\" data-id=\"df582db\" data-element_type=\"widget\" data-e-type=\"widget\" data-widget_type=\"heading.default\">\n\t\t\t\t<div class=\"elementor-widget-container\">\n\t\t\t\t\t<h2 class=\"elementor-heading-title elementor-size-default\">3. E-commerce Security<\/h2>\t\t\t\t<\/div>\n\t\t\t\t<\/div>\n\t\t\t\t<div class=\"elementor-element elementor-element-134e513 elementor-widget elementor-widget-text-editor\" data-id=\"134e513\" data-element_type=\"widget\" data-e-type=\"widget\" data-widget_type=\"text-editor.default\">\n\t\t\t\t<div class=\"elementor-widget-container\">\n\t\t\t\t\t\t\t\t\t<p>We are the sole owners of the information collected on this website. Your personally identifiable information will not be sold, exchanged, transferred, or shared with any other company, for any purpose, without your consent, except as required to fulfill a request and\/or transfer, such as sending an order.<\/p>\t\t\t\t\t\t\t\t<\/div>\n\t\t\t\t<\/div>\n\t\t\t\t<div class=\"elementor-element elementor-element-d5b7cd9 elementor-widget elementor-widget-heading\" data-id=\"d5b7cd9\" data-element_type=\"widget\" data-e-type=\"widget\" data-widget_type=\"heading.default\">\n\t\t\t\t<div class=\"elementor-widget-container\">\n\t\t\t\t\t<h2 class=\"elementor-heading-title elementor-size-default\">4. Disclosure to Third Parties<\/h2>\t\t\t\t<\/div>\n\t\t\t\t<\/div>\n\t\t\t\t<div class=\"elementor-element elementor-element-a7ccb2f elementor-widget elementor-widget-text-editor\" data-id=\"a7ccb2f\" data-element_type=\"widget\" data-e-type=\"widget\" data-widget_type=\"text-editor.default\">\n\t\t\t\t<div class=\"elementor-widget-container\">\n\t\t\t\t\t\t\t\t\t<p>We do not sell, trade, or otherwise transfer personally identifiable information to outside parties. This does not include trusted third parties who assist us in operating our website or conducting our business, provided that these parties agree to keep the information confidential.<\/p><p>We believe it is necessary to share information in order to investigate, prevent, or take action regarding illegal activities, suspected fraud, situations involving potential threats to a person's physical safety, violations of our terms of use, or as otherwise required by law.<\/p><p>However, general information may be shared with third parties for marketing, advertising, or other purposes.<\/p>\t\t\t\t\t\t\t\t<\/div>\n\t\t\t\t<\/div>\n\t\t\t\t<div class=\"elementor-element elementor-element-e7ca08a elementor-widget elementor-widget-heading\" data-id=\"e7ca08a\" data-element_type=\"widget\" data-e-type=\"widget\" data-widget_type=\"heading.default\">\n\t\t\t\t<div class=\"elementor-widget-container\">\n\t\t\t\t\t<h2 class=\"elementor-heading-title elementor-size-default\">5. Information Protection<\/h2>\t\t\t\t<\/div>\n\t\t\t\t<\/div>\n\t\t\t\t<div class=\"elementor-element elementor-element-37f3ce2 elementor-widget elementor-widget-text-editor\" data-id=\"37f3ce2\" data-element_type=\"widget\" data-e-type=\"widget\" data-widget_type=\"text-editor.default\">\n\t\t\t\t<div class=\"elementor-widget-container\">\n\t\t\t\t\t\t\t\t\t<p>We take a variety of security measures to protect your personal information. We use advanced encryption methods to protect sensitive data transmitted over the internet. Additionally, we protect your information offline. Only employees who need to perform a specific job (e.g., billing or customer service) are granted access to personally identifiable information. The computers\/servers used to store personally identifiable information are kept in a secure environment.<\/p><p>Do we use cookies? Yes. Our cookies enhance access to our website and identify repeat visitors. Additionally, our cookies enhance the user experience by tracking and customizing user interests. Our use of cookies is not linked to any personally identifiable information on our website.<\/p>\t\t\t\t\t\t\t\t<\/div>\n\t\t\t\t<\/div>\n\t\t\t\t<div class=\"elementor-element elementor-element-123066c elementor-widget elementor-widget-heading\" data-id=\"123066c\" data-element_type=\"widget\" data-e-type=\"widget\" data-widget_type=\"heading.default\">\n\t\t\t\t<div class=\"elementor-widget-container\">\n\t\t\t\t\t<h2 class=\"elementor-heading-title elementor-size-default\">6. Unsubscribe<\/h2>\t\t\t\t<\/div>\n\t\t\t\t<\/div>\n\t\t\t\t<div class=\"elementor-element elementor-element-154d447 elementor-widget elementor-widget-text-editor\" data-id=\"154d447\" data-element_type=\"widget\" data-e-type=\"widget\" data-widget_type=\"text-editor.default\">\n\t\t\t\t<div class=\"elementor-widget-container\">\n\t\t\t\t\t\t\t\t\t<p>We use the email address you provide us to send information and updates related to your order, occasional newsletters, related product information, etc. If you no longer wish to receive such messages, you will find information on how to unsubscribe at the end of each email.<\/p>\t\t\t\t\t\t\t\t<\/div>\n\t\t\t\t<\/div>\n\t\t\t\t<div class=\"elementor-element elementor-element-cc1bd20 elementor-widget elementor-widget-heading\" data-id=\"cc1bd20\" data-element_type=\"widget\" data-e-type=\"widget\" data-widget_type=\"heading.default\">\n\t\t\t\t<div class=\"elementor-widget-container\">\n\t\t\t\t\t<h2 class=\"elementor-heading-title elementor-size-default\">7. Consent<\/h2>\t\t\t\t<\/div>\n\t\t\t\t<\/div>\n\t\t\t\t<div class=\"elementor-element elementor-element-5c78968 elementor-widget elementor-widget-text-editor\" data-id=\"5c78968\" data-element_type=\"widget\" data-e-type=\"widget\" data-widget_type=\"text-editor.default\">\n\t\t\t\t<div class=\"elementor-widget-container\">\n\t\t\t\t\t\t\t\t\t<p>By using our website, you consent to our privacy policy.<\/p>\t\t\t\t\t\t\t\t<\/div>\n\t\t\t\t<\/div>\n\t\t\t\t<div class=\"elementor-element elementor-element-94aa76c elementor-widget elementor-widget-heading\" data-id=\"94aa76c\" data-element_type=\"widget\" data-e-type=\"widget\" data-widget_type=\"heading.default\">\n\t\t\t\t<div class=\"elementor-widget-container\">\n\t\t\t\t\t<h2 class=\"elementor-heading-title elementor-size-default\">GDPR.<\/h2>\t\t\t\t<\/div>\n\t\t\t\t<\/div>\n\t\t\t\t<div class=\"elementor-element elementor-element-2bd5e2f elementor-widget elementor-widget-text-editor\" data-id=\"2bd5e2f\" data-element_type=\"widget\" data-e-type=\"widget\" data-widget_type=\"text-editor.default\">\n\t\t\t\t<div class=\"elementor-widget-container\">\n\t\t\t\t\t\t\t\t\t<p>The General Data Protection Regulation, or GDPR as it is also known, contains rules on how to process personal data.&nbsp;<span style=\"font-size: 1rem;\">The regulation comes into effect on May 25, 2018, replacing the Personal Data Act (PuL).&nbsp;<\/span><span style=\"font-size: 1rem;\">Piwa Foods' privacy policy provides valuable protection when you shop with us.&nbsp;<\/span><span style=\"font-size: 1rem;\">Above all, we hope to increase trust by providing a straightforward policy here.&nbsp;<\/span><span style=\"font-size: 1rem;\">It describes an otherwise complex and confusing policy in simple Swedish.<\/span><\/p><p><span style=\"font-size: 1rem;\">Please feel free to contact us if you have any questions about this: <u>info@piwafood.se<\/u><\/span><br><\/p>\t\t\t\t\t\t\t\t<\/div>\n\t\t\t\t<\/div>\n\t\t\t\t\t<\/div>\n\t\t<\/div>\n\t\t\t\t\t<\/div>\n\t\t<\/section>\n\t\t\t\t<\/div>","protected":false},"excerpt":{"rendered":"<p>Kund- &amp; personuppgifter F\u00f6r att handla hos oss m\u00e5ste du ange uppgifter i samtliga f\u00e4lt som \u00e4r obligatoriska vid kundregistreringen. Om vi inte har din e-mailadress kan vi inte skicka n\u00e5gon orderbekr\u00e4ftelse och vi kan inte meddela dig om k\u00e4nda leveransf\u00f6rseningar eller om n\u00e5gon del av din best\u00e4llning ej kan levereras. De personuppgifter du l\u00e4mnar [&hellip;]<\/p>\n","protected":false},"author":1,"featured_media":0,"parent":0,"menu_order":0,"comment_status":"closed","ping_status":"closed","template":"","meta":{"footnotes":""},"class_list":["post-3277","page","type-page","status-publish","hentry"],"yoast_head":"<!-- This site is optimized with the Yoast SEO plugin v27.3 - https:\/\/yoast.com\/product\/yoast-seo-wordpress\/ -->\n<title>Privacy Policy | Piwa Food<\/title>\n<meta name=\"robots\" content=\"index, follow, max-snippet:-1, max-image-preview:large, max-video-preview:-1\" \/>\n<link rel=\"canonical\" href=\"https:\/\/piwafood.se\/en\/privacy-policy-2\/\" \/>\n<meta property=\"og:locale\" content=\"en_US\" \/>\n<meta property=\"og:type\" content=\"article\" \/>\n<meta property=\"og:title\" content=\"Privacy Policy | Piwa Food\" \/>\n<meta property=\"og:description\" content=\"Kund- &amp; personuppgifter F\u00f6r att handla hos oss m\u00e5ste du ange uppgifter i samtliga f\u00e4lt som \u00e4r obligatoriska vid kundregistreringen. Om vi inte har din e-mailadress kan vi inte skicka n\u00e5gon orderbekr\u00e4ftelse och vi kan inte meddela dig om k\u00e4nda leveransf\u00f6rseningar eller om n\u00e5gon del av din best\u00e4llning ej kan levereras. De personuppgifter du l\u00e4mnar [&hellip;]\" \/>\n<meta property=\"og:url\" content=\"https:\/\/piwafood.se\/en\/privacy-policy-2\/\" \/>\n<meta property=\"og:site_name\" content=\"Piwa Food\" \/>\n<meta property=\"article:modified_time\" content=\"2024-01-23T13:39:56+00:00\" \/>\n<meta property=\"og:image\" content=\"https:\/\/piwafood.se\/wp-content\/uploads\/2023\/01\/Piwa-Food-40arsjubileum-transparent-1.png\" \/>\n\t<meta property=\"og:image:width\" content=\"376\" \/>\n\t<meta property=\"og:image:height\" content=\"187\" \/>\n\t<meta property=\"og:image:type\" content=\"image\/png\" \/>\n<meta name=\"twitter:card\" content=\"summary_large_image\" \/>\n<meta name=\"twitter:label1\" content=\"Est. reading time\" \/>\n\t<meta name=\"twitter:data1\" content=\"4 minutes\" \/>\n<script type=\"application\/ld+json\" class=\"yoast-schema-graph\">{\"@context\":\"https:\\\/\\\/schema.org\",\"@graph\":[{\"@type\":\"WebPage\",\"@id\":\"https:\\\/\\\/piwafood.se\\\/privacy-policy-2\\\/\",\"url\":\"https:\\\/\\\/piwafood.se\\\/privacy-policy-2\\\/\",\"name\":\"Privacy Policy | Piwa Food\",\"isPartOf\":{\"@id\":\"https:\\\/\\\/piwafood.se\\\/#website\"},\"datePublished\":\"2024-01-23T13:32:33+00:00\",\"dateModified\":\"2024-01-23T13:39:56+00:00\",\"breadcrumb\":{\"@id\":\"https:\\\/\\\/piwafood.se\\\/privacy-policy-2\\\/#breadcrumb\"},\"inLanguage\":\"en-US\",\"potentialAction\":[{\"@type\":\"ReadAction\",\"target\":[\"https:\\\/\\\/piwafood.se\\\/privacy-policy-2\\\/\"]}]},{\"@type\":\"BreadcrumbList\",\"@id\":\"https:\\\/\\\/piwafood.se\\\/privacy-policy-2\\\/#breadcrumb\",\"itemListElement\":[{\"@type\":\"ListItem\",\"position\":1,\"name\":\"Hem\",\"item\":\"https:\\\/\\\/piwafood.se\\\/\"},{\"@type\":\"ListItem\",\"position\":2,\"name\":\"Privacy Policy\"}]},{\"@type\":\"WebSite\",\"@id\":\"https:\\\/\\\/piwafood.se\\\/#website\",\"url\":\"https:\\\/\\\/piwafood.se\\\/\",\"name\":\"Piwa Food\",\"description\":\"I 40 \u00e5r har vi levererat mat och dryck fr\u00e5n hela v\u00e4rlden till svenska middagsbord.\",\"publisher\":{\"@id\":\"https:\\\/\\\/piwafood.se\\\/#organization\"},\"alternateName\":\"Piwa\",\"potentialAction\":[{\"@type\":\"SearchAction\",\"target\":{\"@type\":\"EntryPoint\",\"urlTemplate\":\"https:\\\/\\\/piwafood.se\\\/?s={search_term_string}\"},\"query-input\":{\"@type\":\"PropertyValueSpecification\",\"valueRequired\":true,\"valueName\":\"search_term_string\"}}],\"inLanguage\":\"en-US\"},{\"@type\":\"Organization\",\"@id\":\"https:\\\/\\\/piwafood.se\\\/#organization\",\"name\":\"Piwa Food Aktiebolag\",\"alternateName\":\"Piwa Food\",\"url\":\"https:\\\/\\\/piwafood.se\\\/\",\"logo\":{\"@type\":\"ImageObject\",\"inLanguage\":\"en-US\",\"@id\":\"https:\\\/\\\/piwafood.se\\\/#\\\/schema\\\/logo\\\/image\\\/\",\"url\":\"https:\\\/\\\/piwafood.se\\\/wp-content\\\/uploads\\\/2024\\\/01\\\/Piwa-Square.jpg\",\"contentUrl\":\"https:\\\/\\\/piwafood.se\\\/wp-content\\\/uploads\\\/2024\\\/01\\\/Piwa-Square.jpg\",\"width\":500,\"height\":500,\"caption\":\"Piwa Food Aktiebolag\"},\"image\":{\"@id\":\"https:\\\/\\\/piwafood.se\\\/#\\\/schema\\\/logo\\\/image\\\/\"}}]}<\/script>\n<!-- \/ Yoast SEO plugin. -->","yoast_head_json":{"title":"Privacy Policy | Piwa Food","robots":{"index":"index","follow":"follow","max-snippet":"max-snippet:-1","max-image-preview":"max-image-preview:large","max-video-preview":"max-video-preview:-1"},"canonical":"https:\/\/piwafood.se\/en\/privacy-policy-2\/","og_locale":"en_US","og_type":"article","og_title":"Privacy Policy | Piwa Food","og_description":"Kund- &amp; personuppgifter F\u00f6r att handla hos oss m\u00e5ste du ange uppgifter i samtliga f\u00e4lt som \u00e4r obligatoriska vid kundregistreringen. Om vi inte har din e-mailadress kan vi inte skicka n\u00e5gon orderbekr\u00e4ftelse och vi kan inte meddela dig om k\u00e4nda leveransf\u00f6rseningar eller om n\u00e5gon del av din best\u00e4llning ej kan levereras. De personuppgifter du l\u00e4mnar [&hellip;]","og_url":"https:\/\/piwafood.se\/en\/privacy-policy-2\/","og_site_name":"Piwa Food","article_modified_time":"2024-01-23T13:39:56+00:00","og_image":[{"width":376,"height":187,"url":"https:\/\/piwafood.se\/wp-content\/uploads\/2023\/01\/Piwa-Food-40arsjubileum-transparent-1.png","type":"image\/png"}],"twitter_card":"summary_large_image","twitter_misc":{"Est. reading time":"4 minutes"},"schema":{"@context":"https:\/\/schema.org","@graph":[{"@type":"WebPage","@id":"https:\/\/piwafood.se\/privacy-policy-2\/","url":"https:\/\/piwafood.se\/privacy-policy-2\/","name":"Privacy Policy | Piwa Food","isPartOf":{"@id":"https:\/\/piwafood.se\/#website"},"datePublished":"2024-01-23T13:32:33+00:00","dateModified":"2024-01-23T13:39:56+00:00","breadcrumb":{"@id":"https:\/\/piwafood.se\/privacy-policy-2\/#breadcrumb"},"inLanguage":"en-US","potentialAction":[{"@type":"ReadAction","target":["https:\/\/piwafood.se\/privacy-policy-2\/"]}]},{"@type":"BreadcrumbList","@id":"https:\/\/piwafood.se\/privacy-policy-2\/#breadcrumb","itemListElement":[{"@type":"ListItem","position":1,"name":"Hem","item":"https:\/\/piwafood.se\/"},{"@type":"ListItem","position":2,"name":"Privacy Policy"}]},{"@type":"WebSite","@id":"https:\/\/piwafood.se\/#website","url":"https:\/\/piwafood.se\/","name":"Piwa Food","description":"For 40 years, we have delivered food and beverages from around the world to Swedish dinner tables.","publisher":{"@id":"https:\/\/piwafood.se\/#organization"},"alternateName":"Piwa","potentialAction":[{"@type":"SearchAction","target":{"@type":"EntryPoint","urlTemplate":"https:\/\/piwafood.se\/?s={search_term_string}"},"query-input":{"@type":"PropertyValueSpecification","valueRequired":true,"valueName":"search_term_string"}}],"inLanguage":"en-US"},{"@type":"Organization","@id":"https:\/\/piwafood.se\/#organization","name":"Piwa Food Aktiebolag","alternateName":"Piwa Food","url":"https:\/\/piwafood.se\/","logo":{"@type":"ImageObject","inLanguage":"en-US","@id":"https:\/\/piwafood.se\/#\/schema\/logo\/image\/","url":"https:\/\/piwafood.se\/wp-content\/uploads\/2024\/01\/Piwa-Square.jpg","contentUrl":"https:\/\/piwafood.se\/wp-content\/uploads\/2024\/01\/Piwa-Square.jpg","width":500,"height":500,"caption":"Piwa Food Aktiebolag"},"image":{"@id":"https:\/\/piwafood.se\/#\/schema\/logo\/image\/"}}]}},"_links":{"self":[{"href":"https:\/\/piwafood.se\/en\/wp-json\/wp\/v2\/pages\/3277","targetHints":{"allow":["GET"]}}],"collection":[{"href":"https:\/\/piwafood.se\/en\/wp-json\/wp\/v2\/pages"}],"about":[{"href":"https:\/\/piwafood.se\/en\/wp-json\/wp\/v2\/types\/page"}],"author":[{"embeddable":true,"href":"https:\/\/piwafood.se\/en\/wp-json\/wp\/v2\/users\/1"}],"replies":[{"embeddable":true,"href":"https:\/\/piwafood.se\/en\/wp-json\/wp\/v2\/comments?post=3277"}],"version-history":[{"count":4,"href":"https:\/\/piwafood.se\/en\/wp-json\/wp\/v2\/pages\/3277\/revisions"}],"predecessor-version":[{"id":3281,"href":"https:\/\/piwafood.se\/en\/wp-json\/wp\/v2\/pages\/3277\/revisions\/3281"}],"wp:attachment":[{"href":"https:\/\/piwafood.se\/en\/wp-json\/wp\/v2\/media?parent=3277"}],"curies":[{"name":"wp","href":"https:\/\/api.w.org\/{rel}","templated":true}]}}