{"id":3285,"date":"2024-01-23T14:40:47","date_gmt":"2024-01-23T13:40:47","guid":{"rendered":"https:\/\/piwafood.se\/?page_id=3285"},"modified":"2024-01-23T14:42:10","modified_gmt":"2024-01-23T13:42:10","slug":"kamerabevakning","status":"publish","type":"page","link":"https:\/\/piwafood.se\/en\/kamerabevakning\/","title":{"rendered":"Surveillance Cameras"},"content":{"rendered":"<div data-elementor-type=\"wp-page\" data-elementor-id=\"3285\" class=\"elementor elementor-3285\" data-elementor-post-type=\"page\">\n\t\t\t\t\t\t<section class=\"elementor-section elementor-top-section elementor-element elementor-element-7a4e7a64 elementor-section-height-min-height elementor-section-boxed elementor-section-height-default elementor-section-items-middle\" data-id=\"7a4e7a64\" data-element_type=\"section\" data-e-type=\"section\" data-settings=\"{&quot;background_background&quot;:&quot;classic&quot;}\">\n\t\t\t\t\t\t\t<div class=\"elementor-background-overlay\"><\/div>\n\t\t\t\t\t\t\t<div class=\"elementor-container elementor-column-gap-default\">\n\t\t\t\t\t<div class=\"elementor-column elementor-col-100 elementor-top-column elementor-element elementor-element-55b2e393\" data-id=\"55b2e393\" data-element_type=\"column\" data-e-type=\"column\">\n\t\t\t<div class=\"elementor-widget-wrap\">\n\t\t\t\t\t\t\t<\/div>\n\t\t<\/div>\n\t\t\t\t\t<\/div>\n\t\t<\/section>\n\t\t\t\t<section class=\"elementor-section elementor-top-section elementor-element elementor-element-442836cc elementor-section-boxed elementor-section-height-default elementor-section-height-default\" data-id=\"442836cc\" data-element_type=\"section\" data-e-type=\"section\" data-settings=\"{&quot;background_background&quot;:&quot;classic&quot;}\">\n\t\t\t\t\t\t<div class=\"elementor-container elementor-column-gap-default\">\n\t\t\t\t\t<div class=\"elementor-column elementor-col-100 elementor-top-column elementor-element elementor-element-5f3bdea6\" data-id=\"5f3bdea6\" data-element_type=\"column\" data-e-type=\"column\">\n\t\t\t<div class=\"elementor-widget-wrap elementor-element-populated\">\n\t\t\t\t\t\t<div class=\"elementor-element elementor-element-67571adc elementor-widget elementor-widget-heading\" data-id=\"67571adc\" data-element_type=\"widget\" data-e-type=\"widget\" data-widget_type=\"heading.default\">\n\t\t\t\t<div class=\"elementor-widget-container\">\n\t\t\t\t\t<h2 class=\"elementor-heading-title elementor-size-default\">Surveillance Cameras<\/h2>\t\t\t\t<\/div>\n\t\t\t\t<\/div>\n\t\t\t\t<div class=\"elementor-element elementor-element-43ad89f0 elementor-widget elementor-widget-text-editor\" data-id=\"43ad89f0\" data-element_type=\"widget\" data-e-type=\"widget\" data-widget_type=\"text-editor.default\">\n\t\t\t\t<div class=\"elementor-widget-container\">\n\t\t\t\t\t\t\t\t\t<p>Piwa Food AB adheres to the regulations governing surveillance cameras according to the Surveillance Camera Act (2018:1200) and the General Data Protection Regulation.<\/p><p>\u00a0<\/p><p>Where surveillance is conducted, we inform with signs. The purpose of our camera surveillance is to prevent and deter crime and accidents, investigate crimes and accidents, and create a sense of security for the company's employees.<\/p><p>\u00a0<\/p><p>Recorded material is automatically deleted after 30 days. According to the General Data Protection Regulation, those under surveillance have the right to request that their personal data (images) be deleted, and this will be done within 30 days. This does not apply to material being investigated after a crime or accident has occurred.<\/p><p>\u00a0<\/p><p>In the event of a crime or accident, recorded material will be provided to law enforcement agencies or similar upon request. No other dissemination of recorded material will occur from our side. We maintain strict confidentiality regarding recorded material.<\/p><p>\u00a0<\/p><p>For objections to the camera surveillance, contact the Swedish Authority for Privacy Protection, https:\/\/www.imy.se\/ or call +46 (0)8 - 657 61 00. The Swedish Authority for Privacy Protection is the supervisory authority.<\/p><p>\u00a0<\/p><p>To contact the responsible person at Piwa Food AB regarding CCTV surveillance, contact the overall responsible IT via telephone +46 (0)302 - 241 60.<\/p>\t\t\t\t\t\t\t\t<\/div>\n\t\t\t\t<\/div>\n\t\t\t\t\t<\/div>\n\t\t<\/div>\n\t\t\t\t\t<\/div>\n\t\t<\/section>\n\t\t\t\t<\/div>","protected":false},"excerpt":{"rendered":"<p>Kamerabevakning Piwa Food AB f\u00f6ljer de best\u00e4mmelser som g\u00e4ller f\u00f6r kamerabevakning enligt kamerabevakningslagen (2018:1200) och dataskyddsf\u00f6rordningen. \u00a0 D\u00e4r bevakningen bedrivs upplyser vi med skyltar. Syftet med v\u00e5r kamerabevakning \u00e4r att f\u00f6rebygga och f\u00f6rhindra brott och olyckor, utreda brott och olyckor samt skapa trygghet f\u00f6r bolagets anst\u00e4llda. \u00a0 Inspelat material raderas automatiskt efter 30 dagar. Enligt [&hellip;]<\/p>\n","protected":false},"author":1,"featured_media":0,"parent":0,"menu_order":0,"comment_status":"closed","ping_status":"closed","template":"","meta":{"footnotes":""},"class_list":["post-3285","page","type-page","status-publish","hentry"],"yoast_head":"<!-- This site is optimized with the Yoast SEO plugin v27.3 - https:\/\/yoast.com\/product\/yoast-seo-wordpress\/ -->\n<title>Kamerabevakning | Piwa Food<\/title>\n<meta name=\"robots\" content=\"index, follow, max-snippet:-1, max-image-preview:large, max-video-preview:-1\" \/>\n<link rel=\"canonical\" href=\"https:\/\/piwafood.se\/en\/kamerabevakning\/\" \/>\n<meta property=\"og:locale\" content=\"en_US\" \/>\n<meta property=\"og:type\" content=\"article\" \/>\n<meta property=\"og:title\" content=\"Kamerabevakning | Piwa Food\" \/>\n<meta property=\"og:description\" content=\"Kamerabevakning Piwa Food AB f\u00f6ljer de best\u00e4mmelser som g\u00e4ller f\u00f6r kamerabevakning enligt kamerabevakningslagen (2018:1200) och dataskyddsf\u00f6rordningen. \u00a0 D\u00e4r bevakningen bedrivs upplyser vi med skyltar. Syftet med v\u00e5r kamerabevakning \u00e4r att f\u00f6rebygga och f\u00f6rhindra brott och olyckor, utreda brott och olyckor samt skapa trygghet f\u00f6r bolagets anst\u00e4llda. \u00a0 Inspelat material raderas automatiskt efter 30 dagar. Enligt [&hellip;]\" \/>\n<meta property=\"og:url\" content=\"https:\/\/piwafood.se\/en\/kamerabevakning\/\" \/>\n<meta property=\"og:site_name\" content=\"Piwa Food\" \/>\n<meta property=\"article:modified_time\" content=\"2024-01-23T13:42:10+00:00\" \/>\n<meta property=\"og:image\" content=\"https:\/\/piwafood.se\/wp-content\/uploads\/2023\/01\/Piwa-Food-40arsjubileum-transparent-1.png\" \/>\n\t<meta property=\"og:image:width\" content=\"376\" \/>\n\t<meta property=\"og:image:height\" content=\"187\" \/>\n\t<meta property=\"og:image:type\" content=\"image\/png\" \/>\n<meta name=\"twitter:card\" content=\"summary_large_image\" \/>\n<meta name=\"twitter:label1\" content=\"Est. reading time\" \/>\n\t<meta name=\"twitter:data1\" content=\"1 minute\" \/>\n<script type=\"application\/ld+json\" class=\"yoast-schema-graph\">{\"@context\":\"https:\\\/\\\/schema.org\",\"@graph\":[{\"@type\":\"WebPage\",\"@id\":\"https:\\\/\\\/piwafood.se\\\/kamerabevakning\\\/\",\"url\":\"https:\\\/\\\/piwafood.se\\\/kamerabevakning\\\/\",\"name\":\"Kamerabevakning | Piwa Food\",\"isPartOf\":{\"@id\":\"https:\\\/\\\/piwafood.se\\\/#website\"},\"datePublished\":\"2024-01-23T13:40:47+00:00\",\"dateModified\":\"2024-01-23T13:42:10+00:00\",\"breadcrumb\":{\"@id\":\"https:\\\/\\\/piwafood.se\\\/kamerabevakning\\\/#breadcrumb\"},\"inLanguage\":\"en-US\",\"potentialAction\":[{\"@type\":\"ReadAction\",\"target\":[\"https:\\\/\\\/piwafood.se\\\/kamerabevakning\\\/\"]}]},{\"@type\":\"BreadcrumbList\",\"@id\":\"https:\\\/\\\/piwafood.se\\\/kamerabevakning\\\/#breadcrumb\",\"itemListElement\":[{\"@type\":\"ListItem\",\"position\":1,\"name\":\"Hem\",\"item\":\"https:\\\/\\\/piwafood.se\\\/\"},{\"@type\":\"ListItem\",\"position\":2,\"name\":\"Kamerabevakning\"}]},{\"@type\":\"WebSite\",\"@id\":\"https:\\\/\\\/piwafood.se\\\/#website\",\"url\":\"https:\\\/\\\/piwafood.se\\\/\",\"name\":\"Piwa Food\",\"description\":\"I 40 \u00e5r har vi levererat mat och dryck fr\u00e5n hela v\u00e4rlden till svenska middagsbord.\",\"publisher\":{\"@id\":\"https:\\\/\\\/piwafood.se\\\/#organization\"},\"alternateName\":\"Piwa\",\"potentialAction\":[{\"@type\":\"SearchAction\",\"target\":{\"@type\":\"EntryPoint\",\"urlTemplate\":\"https:\\\/\\\/piwafood.se\\\/?s={search_term_string}\"},\"query-input\":{\"@type\":\"PropertyValueSpecification\",\"valueRequired\":true,\"valueName\":\"search_term_string\"}}],\"inLanguage\":\"en-US\"},{\"@type\":\"Organization\",\"@id\":\"https:\\\/\\\/piwafood.se\\\/#organization\",\"name\":\"Piwa Food Aktiebolag\",\"alternateName\":\"Piwa Food\",\"url\":\"https:\\\/\\\/piwafood.se\\\/\",\"logo\":{\"@type\":\"ImageObject\",\"inLanguage\":\"en-US\",\"@id\":\"https:\\\/\\\/piwafood.se\\\/#\\\/schema\\\/logo\\\/image\\\/\",\"url\":\"https:\\\/\\\/piwafood.se\\\/wp-content\\\/uploads\\\/2024\\\/01\\\/Piwa-Square.jpg\",\"contentUrl\":\"https:\\\/\\\/piwafood.se\\\/wp-content\\\/uploads\\\/2024\\\/01\\\/Piwa-Square.jpg\",\"width\":500,\"height\":500,\"caption\":\"Piwa Food Aktiebolag\"},\"image\":{\"@id\":\"https:\\\/\\\/piwafood.se\\\/#\\\/schema\\\/logo\\\/image\\\/\"}}]}<\/script>\n<!-- \/ Yoast SEO plugin. -->","yoast_head_json":{"title":"Kamerabevakning | Piwa Food","robots":{"index":"index","follow":"follow","max-snippet":"max-snippet:-1","max-image-preview":"max-image-preview:large","max-video-preview":"max-video-preview:-1"},"canonical":"https:\/\/piwafood.se\/en\/kamerabevakning\/","og_locale":"en_US","og_type":"article","og_title":"Kamerabevakning | Piwa Food","og_description":"Kamerabevakning Piwa Food AB f\u00f6ljer de best\u00e4mmelser som g\u00e4ller f\u00f6r kamerabevakning enligt kamerabevakningslagen (2018:1200) och dataskyddsf\u00f6rordningen. \u00a0 D\u00e4r bevakningen bedrivs upplyser vi med skyltar. Syftet med v\u00e5r kamerabevakning \u00e4r att f\u00f6rebygga och f\u00f6rhindra brott och olyckor, utreda brott och olyckor samt skapa trygghet f\u00f6r bolagets anst\u00e4llda. \u00a0 Inspelat material raderas automatiskt efter 30 dagar. Enligt [&hellip;]","og_url":"https:\/\/piwafood.se\/en\/kamerabevakning\/","og_site_name":"Piwa Food","article_modified_time":"2024-01-23T13:42:10+00:00","og_image":[{"width":376,"height":187,"url":"https:\/\/piwafood.se\/wp-content\/uploads\/2023\/01\/Piwa-Food-40arsjubileum-transparent-1.png","type":"image\/png"}],"twitter_card":"summary_large_image","twitter_misc":{"Est. reading time":"1 minute"},"schema":{"@context":"https:\/\/schema.org","@graph":[{"@type":"WebPage","@id":"https:\/\/piwafood.se\/kamerabevakning\/","url":"https:\/\/piwafood.se\/kamerabevakning\/","name":"Kamerabevakning | Piwa Food","isPartOf":{"@id":"https:\/\/piwafood.se\/#website"},"datePublished":"2024-01-23T13:40:47+00:00","dateModified":"2024-01-23T13:42:10+00:00","breadcrumb":{"@id":"https:\/\/piwafood.se\/kamerabevakning\/#breadcrumb"},"inLanguage":"en-US","potentialAction":[{"@type":"ReadAction","target":["https:\/\/piwafood.se\/kamerabevakning\/"]}]},{"@type":"BreadcrumbList","@id":"https:\/\/piwafood.se\/kamerabevakning\/#breadcrumb","itemListElement":[{"@type":"ListItem","position":1,"name":"Hem","item":"https:\/\/piwafood.se\/"},{"@type":"ListItem","position":2,"name":"Kamerabevakning"}]},{"@type":"WebSite","@id":"https:\/\/piwafood.se\/#website","url":"https:\/\/piwafood.se\/","name":"Piwa Food","description":"For 40 years, we have delivered food and beverages from around the world to Swedish dinner tables.","publisher":{"@id":"https:\/\/piwafood.se\/#organization"},"alternateName":"Piwa","potentialAction":[{"@type":"SearchAction","target":{"@type":"EntryPoint","urlTemplate":"https:\/\/piwafood.se\/?s={search_term_string}"},"query-input":{"@type":"PropertyValueSpecification","valueRequired":true,"valueName":"search_term_string"}}],"inLanguage":"en-US"},{"@type":"Organization","@id":"https:\/\/piwafood.se\/#organization","name":"Piwa Food Aktiebolag","alternateName":"Piwa Food","url":"https:\/\/piwafood.se\/","logo":{"@type":"ImageObject","inLanguage":"en-US","@id":"https:\/\/piwafood.se\/#\/schema\/logo\/image\/","url":"https:\/\/piwafood.se\/wp-content\/uploads\/2024\/01\/Piwa-Square.jpg","contentUrl":"https:\/\/piwafood.se\/wp-content\/uploads\/2024\/01\/Piwa-Square.jpg","width":500,"height":500,"caption":"Piwa Food Aktiebolag"},"image":{"@id":"https:\/\/piwafood.se\/#\/schema\/logo\/image\/"}}]}},"_links":{"self":[{"href":"https:\/\/piwafood.se\/en\/wp-json\/wp\/v2\/pages\/3285","targetHints":{"allow":["GET"]}}],"collection":[{"href":"https:\/\/piwafood.se\/en\/wp-json\/wp\/v2\/pages"}],"about":[{"href":"https:\/\/piwafood.se\/en\/wp-json\/wp\/v2\/types\/page"}],"author":[{"embeddable":true,"href":"https:\/\/piwafood.se\/en\/wp-json\/wp\/v2\/users\/1"}],"replies":[{"embeddable":true,"href":"https:\/\/piwafood.se\/en\/wp-json\/wp\/v2\/comments?post=3285"}],"version-history":[{"count":4,"href":"https:\/\/piwafood.se\/en\/wp-json\/wp\/v2\/pages\/3285\/revisions"}],"predecessor-version":[{"id":3289,"href":"https:\/\/piwafood.se\/en\/wp-json\/wp\/v2\/pages\/3285\/revisions\/3289"}],"wp:attachment":[{"href":"https:\/\/piwafood.se\/en\/wp-json\/wp\/v2\/media?parent=3285"}],"curies":[{"name":"wp","href":"https:\/\/api.w.org\/{rel}","templated":true}]}}