{"id":2444,"date":"2025-11-15T10:46:05","date_gmt":"2025-11-15T09:46:05","guid":{"rendered":"https:\/\/piwafood.se\/?post_type=product&#038;p=2444"},"modified":"2025-12-19T08:43:15","modified_gmt":"2025-12-19T07:43:15","slug":"koppnudlar-kyckling","status":"publish","type":"product","link":"https:\/\/piwafood.se\/en\/product\/koppnudlar-kyckling\/","title":{"rendered":"Koppnudlar Kyckling"},"content":{"rendered":"","protected":false},"excerpt":{"rendered":"<p>EAN: 7393460205218<\/p>\n<p>F\u00f6rpackning: 65 gr x 12<\/p>","protected":false},"featured_media":4646,"template":"","meta":[],"product_brand":[],"product_cat":[24],"product_tag":[39],"class_list":{"0":"post-2444","1":"product","2":"type-product","3":"status-publish","4":"has-post-thumbnail","6":"product_cat-asienprodukter","7":"product_tag-buffe","9":"first","10":"instock","11":"shipping-taxable","12":"product-type-simple"},"yoast_head":"<!-- This site is optimized with the Yoast SEO plugin v27.3 - https:\/\/yoast.com\/product\/yoast-seo-wordpress\/ -->\n<title>Koppnudlar Kyckling | Piwa Food<\/title>\n<meta name=\"robots\" content=\"index, follow, max-snippet:-1, max-image-preview:large, max-video-preview:-1\" \/>\n<link rel=\"canonical\" href=\"https:\/\/piwafood.se\/en\/product\/koppnudlar-kyckling\/\" \/>\n<meta property=\"og:locale\" content=\"en_US\" \/>\n<meta property=\"og:type\" content=\"article\" \/>\n<meta property=\"og:title\" content=\"Koppnudlar Kyckling | Piwa Food\" \/>\n<meta property=\"og:description\" content=\"EAN: 7393460205218  F\u00f6rpackning: 65 gr x 12\" \/>\n<meta property=\"og:url\" content=\"https:\/\/piwafood.se\/en\/product\/koppnudlar-kyckling\/\" \/>\n<meta property=\"og:site_name\" content=\"Piwa Food\" \/>\n<meta property=\"article:modified_time\" content=\"2025-12-19T07:43:15+00:00\" \/>\n<meta property=\"og:image\" content=\"https:\/\/piwafood.se\/wp-content\/uploads\/2025\/12\/Hemsida-Produktbilder-1-1.jpg\" \/>\n\t<meta property=\"og:image:width\" content=\"1080\" \/>\n\t<meta property=\"og:image:height\" content=\"1080\" \/>\n\t<meta property=\"og:image:type\" content=\"image\/jpeg\" \/>\n<meta name=\"twitter:card\" content=\"summary_large_image\" \/>\n<script type=\"application\/ld+json\" class=\"yoast-schema-graph\">{\"@context\":\"https:\\\/\\\/schema.org\",\"@graph\":[{\"@type\":\"WebPage\",\"@id\":\"https:\\\/\\\/piwafood.se\\\/produkt\\\/koppnudlar-kyckling\\\/\",\"url\":\"https:\\\/\\\/piwafood.se\\\/produkt\\\/koppnudlar-kyckling\\\/\",\"name\":\"Koppnudlar Kyckling | Piwa Food\",\"isPartOf\":{\"@id\":\"https:\\\/\\\/piwafood.se\\\/#website\"},\"primaryImageOfPage\":{\"@id\":\"https:\\\/\\\/piwafood.se\\\/produkt\\\/koppnudlar-kyckling\\\/#primaryimage\"},\"image\":{\"@id\":\"https:\\\/\\\/piwafood.se\\\/produkt\\\/koppnudlar-kyckling\\\/#primaryimage\"},\"thumbnailUrl\":\"https:\\\/\\\/piwafood.se\\\/wp-content\\\/uploads\\\/2025\\\/12\\\/Hemsida-Produktbilder-1-1.jpg\",\"datePublished\":\"2025-11-15T09:46:05+00:00\",\"dateModified\":\"2025-12-19T07:43:15+00:00\",\"breadcrumb\":{\"@id\":\"https:\\\/\\\/piwafood.se\\\/produkt\\\/koppnudlar-kyckling\\\/#breadcrumb\"},\"inLanguage\":\"en-US\",\"potentialAction\":[{\"@type\":\"ReadAction\",\"target\":[\"https:\\\/\\\/piwafood.se\\\/produkt\\\/koppnudlar-kyckling\\\/\"]}]},{\"@type\":\"ImageObject\",\"inLanguage\":\"en-US\",\"@id\":\"https:\\\/\\\/piwafood.se\\\/produkt\\\/koppnudlar-kyckling\\\/#primaryimage\",\"url\":\"https:\\\/\\\/piwafood.se\\\/wp-content\\\/uploads\\\/2025\\\/12\\\/Hemsida-Produktbilder-1-1.jpg\",\"contentUrl\":\"https:\\\/\\\/piwafood.se\\\/wp-content\\\/uploads\\\/2025\\\/12\\\/Hemsida-Produktbilder-1-1.jpg\",\"width\":1080,\"height\":1080},{\"@type\":\"BreadcrumbList\",\"@id\":\"https:\\\/\\\/piwafood.se\\\/produkt\\\/koppnudlar-kyckling\\\/#breadcrumb\",\"itemListElement\":[{\"@type\":\"ListItem\",\"position\":1,\"name\":\"Hem\",\"item\":\"https:\\\/\\\/piwafood.se\\\/\"},{\"@type\":\"ListItem\",\"position\":2,\"name\":\"Butik\",\"item\":\"https:\\\/\\\/piwafood.se\\\/butik\\\/\"},{\"@type\":\"ListItem\",\"position\":3,\"name\":\"Koppnudlar Kyckling\"}]},{\"@type\":\"WebSite\",\"@id\":\"https:\\\/\\\/piwafood.se\\\/#website\",\"url\":\"https:\\\/\\\/piwafood.se\\\/\",\"name\":\"Piwa Food\",\"description\":\"I 40 \u00e5r har vi levererat mat och dryck fr\u00e5n hela v\u00e4rlden till svenska middagsbord.\",\"publisher\":{\"@id\":\"https:\\\/\\\/piwafood.se\\\/#organization\"},\"alternateName\":\"Piwa\",\"potentialAction\":[{\"@type\":\"SearchAction\",\"target\":{\"@type\":\"EntryPoint\",\"urlTemplate\":\"https:\\\/\\\/piwafood.se\\\/?s={search_term_string}\"},\"query-input\":{\"@type\":\"PropertyValueSpecification\",\"valueRequired\":true,\"valueName\":\"search_term_string\"}}],\"inLanguage\":\"en-US\"},{\"@type\":\"Organization\",\"@id\":\"https:\\\/\\\/piwafood.se\\\/#organization\",\"name\":\"Piwa Food Aktiebolag\",\"alternateName\":\"Piwa Food\",\"url\":\"https:\\\/\\\/piwafood.se\\\/\",\"logo\":{\"@type\":\"ImageObject\",\"inLanguage\":\"en-US\",\"@id\":\"https:\\\/\\\/piwafood.se\\\/#\\\/schema\\\/logo\\\/image\\\/\",\"url\":\"https:\\\/\\\/piwafood.se\\\/wp-content\\\/uploads\\\/2024\\\/01\\\/Piwa-Square.jpg\",\"contentUrl\":\"https:\\\/\\\/piwafood.se\\\/wp-content\\\/uploads\\\/2024\\\/01\\\/Piwa-Square.jpg\",\"width\":500,\"height\":500,\"caption\":\"Piwa Food Aktiebolag\"},\"image\":{\"@id\":\"https:\\\/\\\/piwafood.se\\\/#\\\/schema\\\/logo\\\/image\\\/\"}}]}<\/script>\n<!-- \/ Yoast SEO plugin. -->","yoast_head_json":{"title":"Koppnudlar Kyckling | Piwa Food","robots":{"index":"index","follow":"follow","max-snippet":"max-snippet:-1","max-image-preview":"max-image-preview:large","max-video-preview":"max-video-preview:-1"},"canonical":"https:\/\/piwafood.se\/en\/product\/koppnudlar-kyckling\/","og_locale":"en_US","og_type":"article","og_title":"Koppnudlar Kyckling | Piwa Food","og_description":"EAN: 7393460205218  F\u00f6rpackning: 65 gr x 12","og_url":"https:\/\/piwafood.se\/en\/product\/koppnudlar-kyckling\/","og_site_name":"Piwa Food","article_modified_time":"2025-12-19T07:43:15+00:00","og_image":[{"width":1080,"height":1080,"url":"https:\/\/piwafood.se\/wp-content\/uploads\/2025\/12\/Hemsida-Produktbilder-1-1.jpg","type":"image\/jpeg"}],"twitter_card":"summary_large_image","schema":{"@context":"https:\/\/schema.org","@graph":[{"@type":"WebPage","@id":"https:\/\/piwafood.se\/produkt\/koppnudlar-kyckling\/","url":"https:\/\/piwafood.se\/produkt\/koppnudlar-kyckling\/","name":"Koppnudlar Kyckling | Piwa Food","isPartOf":{"@id":"https:\/\/piwafood.se\/#website"},"primaryImageOfPage":{"@id":"https:\/\/piwafood.se\/produkt\/koppnudlar-kyckling\/#primaryimage"},"image":{"@id":"https:\/\/piwafood.se\/produkt\/koppnudlar-kyckling\/#primaryimage"},"thumbnailUrl":"https:\/\/piwafood.se\/wp-content\/uploads\/2025\/12\/Hemsida-Produktbilder-1-1.jpg","datePublished":"2025-11-15T09:46:05+00:00","dateModified":"2025-12-19T07:43:15+00:00","breadcrumb":{"@id":"https:\/\/piwafood.se\/produkt\/koppnudlar-kyckling\/#breadcrumb"},"inLanguage":"en-US","potentialAction":[{"@type":"ReadAction","target":["https:\/\/piwafood.se\/produkt\/koppnudlar-kyckling\/"]}]},{"@type":"ImageObject","inLanguage":"en-US","@id":"https:\/\/piwafood.se\/produkt\/koppnudlar-kyckling\/#primaryimage","url":"https:\/\/piwafood.se\/wp-content\/uploads\/2025\/12\/Hemsida-Produktbilder-1-1.jpg","contentUrl":"https:\/\/piwafood.se\/wp-content\/uploads\/2025\/12\/Hemsida-Produktbilder-1-1.jpg","width":1080,"height":1080},{"@type":"BreadcrumbList","@id":"https:\/\/piwafood.se\/produkt\/koppnudlar-kyckling\/#breadcrumb","itemListElement":[{"@type":"ListItem","position":1,"name":"Hem","item":"https:\/\/piwafood.se\/"},{"@type":"ListItem","position":2,"name":"Butik","item":"https:\/\/piwafood.se\/butik\/"},{"@type":"ListItem","position":3,"name":"Koppnudlar Kyckling"}]},{"@type":"WebSite","@id":"https:\/\/piwafood.se\/#website","url":"https:\/\/piwafood.se\/","name":"Piwa Food","description":"For 40 years, we have delivered food and beverages from around the world to Swedish dinner tables.","publisher":{"@id":"https:\/\/piwafood.se\/#organization"},"alternateName":"Piwa","potentialAction":[{"@type":"SearchAction","target":{"@type":"EntryPoint","urlTemplate":"https:\/\/piwafood.se\/?s={search_term_string}"},"query-input":{"@type":"PropertyValueSpecification","valueRequired":true,"valueName":"search_term_string"}}],"inLanguage":"en-US"},{"@type":"Organization","@id":"https:\/\/piwafood.se\/#organization","name":"Piwa Food Aktiebolag","alternateName":"Piwa Food","url":"https:\/\/piwafood.se\/","logo":{"@type":"ImageObject","inLanguage":"en-US","@id":"https:\/\/piwafood.se\/#\/schema\/logo\/image\/","url":"https:\/\/piwafood.se\/wp-content\/uploads\/2024\/01\/Piwa-Square.jpg","contentUrl":"https:\/\/piwafood.se\/wp-content\/uploads\/2024\/01\/Piwa-Square.jpg","width":500,"height":500,"caption":"Piwa Food Aktiebolag"},"image":{"@id":"https:\/\/piwafood.se\/#\/schema\/logo\/image\/"}}]}},"_links":{"self":[{"href":"https:\/\/piwafood.se\/en\/wp-json\/wp\/v2\/product\/2444","targetHints":{"allow":["GET"]}}],"collection":[{"href":"https:\/\/piwafood.se\/en\/wp-json\/wp\/v2\/product"}],"about":[{"href":"https:\/\/piwafood.se\/en\/wp-json\/wp\/v2\/types\/product"}],"version-history":[{"count":2,"href":"https:\/\/piwafood.se\/en\/wp-json\/wp\/v2\/product\/2444\/revisions"}],"predecessor-version":[{"id":4499,"href":"https:\/\/piwafood.se\/en\/wp-json\/wp\/v2\/product\/2444\/revisions\/4499"}],"wp:featuredmedia":[{"embeddable":true,"href":"https:\/\/piwafood.se\/en\/wp-json\/wp\/v2\/media\/4646"}],"wp:attachment":[{"href":"https:\/\/piwafood.se\/en\/wp-json\/wp\/v2\/media?parent=2444"}],"wp:term":[{"taxonomy":"product_brand","embeddable":true,"href":"https:\/\/piwafood.se\/en\/wp-json\/wp\/v2\/product_brand?post=2444"},{"taxonomy":"product_cat","embeddable":true,"href":"https:\/\/piwafood.se\/en\/wp-json\/wp\/v2\/product_cat?post=2444"},{"taxonomy":"product_tag","embeddable":true,"href":"https:\/\/piwafood.se\/en\/wp-json\/wp\/v2\/product_tag?post=2444"}],"curies":[{"name":"wp","href":"https:\/\/api.w.org\/{rel}","templated":true}]}}